{"id":772,"date":"2020-09-10T13:41:02","date_gmt":"2020-09-10T11:41:02","guid":{"rendered":"https:\/\/fiboss.com.pl\/?page_id=772"},"modified":"2020-09-10T15:16:22","modified_gmt":"2020-09-10T13:16:22","slug":"militarne-zlacza-soczewkowe","status":"publish","type":"page","link":"https:\/\/fiboss.com.pl\/?page_id=772","title":{"rendered":"Militarne z\u0142\u0105cza soczewkowe"},"content":{"rendered":"\t\t<div data-elementor-type=\"wp-page\" data-elementor-id=\"772\" class=\"elementor elementor-772\" data-elementor-settings=\"[]\">\n\t\t\t\t\t\t<div class=\"elementor-inner\">\n\t\t\t\t\t\t\t<div class=\"elementor-section-wrap\">\n\t\t\t\t\t\t\t<section class=\"elementor-section elementor-top-section elementor-element elementor-element-ade7dcd elementor-section-boxed elementor-section-height-default elementor-section-height-default\" data-id=\"ade7dcd\" data-element_type=\"section\">\n\t\t\t\t\t\t<div class=\"elementor-container elementor-column-gap-default\">\n\t\t\t\t\t\t\t<div class=\"elementor-row\">\n\t\t\t\t\t<div class=\"elementor-column elementor-col-100 elementor-top-column elementor-element elementor-element-a3d8723\" data-id=\"a3d8723\" data-element_type=\"column\">\n\t\t\t<div class=\"elementor-column-wrap elementor-element-populated\">\n\t\t\t\t\t\t\t<div class=\"elementor-widget-wrap\">\n\t\t\t\t\t\t<div class=\"elementor-element elementor-element-1f02f1c elementor-absolute elementor-widget elementor-widget-image\" data-id=\"1f02f1c\" data-element_type=\"widget\" data-settings=\"{&quot;_position&quot;:&quot;absolute&quot;}\" data-widget_type=\"image.default\">\n\t\t\t\t<div class=\"elementor-widget-container\">\n\t\t\t\t\t<div class=\"elementor-image\">\n\t\t\t\t\t\t\t\t\t\t<img width=\"768\" height=\"303\" src=\"https:\/\/fiboss.com.pl\/wp-content\/uploads\/2020\/06\/DSC_2872_Linsenstecker_01.jpeg-e1601405193284-768x303.png\" class=\"attachment-medium_large size-medium_large\" alt=\"Eurolens 12 x SM\" loading=\"lazy\" srcset=\"https:\/\/fiboss.com.pl\/wp-content\/uploads\/2020\/06\/DSC_2872_Linsenstecker_01.jpeg-e1601405193284-768x303.png 768w, https:\/\/fiboss.com.pl\/wp-content\/uploads\/2020\/06\/DSC_2872_Linsenstecker_01.jpeg-e1601405193284-300x118.png 300w, https:\/\/fiboss.com.pl\/wp-content\/uploads\/2020\/06\/DSC_2872_Linsenstecker_01.jpeg-e1601405193284-1024x403.png 1024w, https:\/\/fiboss.com.pl\/wp-content\/uploads\/2020\/06\/DSC_2872_Linsenstecker_01.jpeg-e1601405193284-1536x605.png 1536w\" sizes=\"(max-width: 768px) 100vw, 768px\" \/>\t\t\t\t\t\t\t\t\t\t\t<\/div>\n\t\t\t\t<\/div>\n\t\t\t\t<\/div>\n\t\t\t\t<div class=\"elementor-element elementor-element-de6815a elementor-widget elementor-widget-text-editor\" data-id=\"de6815a\" data-element_type=\"widget\" data-widget_type=\"text-editor.default\">\n\t\t\t\t<div class=\"elementor-widget-container\">\n\t\t\t\t\t<div class=\"elementor-text-editor elementor-clearfix\"><p>Z\u0142\u0105cza soczewkowe z technologi\u0105 Expanded<br \/>Beam firmy EUROMICRON GmbH<br \/>zaprojektowane s\u0105 z my\u015bl\u0105 o instalacji w<br \/>trudnych \u015brodowiskach i wielokrotnym cyklu<br \/>pod\u0142\u0105czania. Gwint \u015brubowy oraz elementy<br \/>monta\u017cowe rozpr\u0119\u017caj\u0105ce oferuj\u0105 bardzo<br \/>trwa\u0142e i bezpieczne po\u0142\u0105czenie, pomimo<br \/>negatywnych czynnik\u00f3w takich jak niskie lub wysokie temperatury, b\u0142oto, kurz,<br \/>lub wysokie ci\u015bnienie. U\u017cyteczne s\u0105 zw\u0142aszcza w aplikacjach wojskowych,<br \/>kopalniach, instalacjach morskich oraz instalacjach telewizyjnych.<\/p><ul><li><p>Optymalne do u\u017cytku w ekstremalnych warunkach.<\/p><\/li><li><p>Technologia rozszerzonej \u015brednicy wi\u0105zki.<\/p><\/li><li><p>Wyj\u0105tkowo odporne na brud oraz wibracje.<\/p><\/li><li><p>Stopie\u0144 ochrony IP67<\/p><\/li><li><p>Dla wojska, telewizji i szeroko poj\u0119tego przemys\u0142u.<\/p><\/li><li><p>\u0141atwe w monta\u017cu zako\u0144cze\u0144 optycznych.<\/p><\/li><\/ul><div><p>Dost\u0119pne z\u0142\u0105cza burtowe z ramk\u0105 monta\u017cow\u0105 oraz mocowaniem skr\u0119canym \u015brub\u0105. Z\u0142\u0105cza, dzi\u0119ki swojej hermafrodytycznej budowie, idealnie sprawdzaj\u0105 si\u0119 przy instalacji w terenie. Rozszerzona \u015brednica wi\u0105zki zapewnia optymaln\u0105 transmisj\u0119 sygna\u0142u z minimalnymi stratami, a bezstykowe po\u0142\u0105czenie pozwala na wielokrotny cykl \u0142\u0105czenia i roz\u0142\u0105czania. Konektor u\u017cywa kulistych soczewek, aby rozszerzy\u0107 wi\u0105zk\u0119 \u015bwiat\u0142a, dzi\u0119ki czemu po\u0142\u0105czenie dw\u00f3ch cz\u0119\u015bci jest bardzo odporne na wstrz\u0105sy i zewn\u0119trzne czynniki. Poniewa\u017c soczewki nie stykaj\u0105 si\u0119 ze sob\u0105, \u017cywotno\u015b\u0107 elementu jest oceniona na co najmniej 3000 cykli pod\u0142\u0105czania.<\/p><\/div><\/div>\n\t\t\t\t<\/div>\n\t\t\t\t<\/div>\n\t\t\t\t\t\t<\/div>\n\t\t\t\t\t<\/div>\n\t\t<\/div>\n\t\t\t\t\t\t\t\t<\/div>\n\t\t\t\t\t<\/div>\n\t\t<\/section>\n\t\t\t\t<section class=\"elementor-section elementor-top-section elementor-element elementor-element-5e4ca02 elementor-section-boxed elementor-section-height-default elementor-section-height-default\" data-id=\"5e4ca02\" data-element_type=\"section\">\n\t\t\t\t\t\t<div class=\"elementor-container elementor-column-gap-default\">\n\t\t\t\t\t\t\t<div class=\"elementor-row\">\n\t\t\t\t\t<div class=\"elementor-column elementor-col-100 elementor-top-column elementor-element elementor-element-698b1f3\" data-id=\"698b1f3\" data-element_type=\"column\">\n\t\t\t<div class=\"elementor-column-wrap elementor-element-populated\">\n\t\t\t\t\t\t\t<div class=\"elementor-widget-wrap\">\n\t\t\t\t\t\t<div class=\"elementor-element elementor-element-f894d19 elementor-widget elementor-widget-image\" data-id=\"f894d19\" data-element_type=\"widget\" data-widget_type=\"image.default\">\n\t\t\t\t<div class=\"elementor-widget-container\">\n\t\t\t\t\t<div class=\"elementor-image\">\n\t\t\t\t\t\t\t\t\t\t<img width=\"621\" height=\"200\" src=\"https:\/\/fiboss.com.pl\/wp-content\/uploads\/2020\/09\/close-up.png\" class=\"attachment-large size-large\" alt=\"\" loading=\"lazy\" srcset=\"https:\/\/fiboss.com.pl\/wp-content\/uploads\/2020\/09\/close-up.png 621w, https:\/\/fiboss.com.pl\/wp-content\/uploads\/2020\/09\/close-up-300x97.png 300w\" sizes=\"(max-width: 621px) 100vw, 621px\" \/>\t\t\t\t\t\t\t\t\t\t\t<\/div>\n\t\t\t\t<\/div>\n\t\t\t\t<\/div>\n\t\t\t\t\t\t<\/div>\n\t\t\t\t\t<\/div>\n\t\t<\/div>\n\t\t\t\t\t\t\t\t<\/div>\n\t\t\t\t\t<\/div>\n\t\t<\/section>\n\t\t\t\t<section class=\"elementor-section elementor-top-section elementor-element elementor-element-29567b0 elementor-section-boxed elementor-section-height-default elementor-section-height-default\" data-id=\"29567b0\" data-element_type=\"section\">\n\t\t\t\t\t\t<div class=\"elementor-container elementor-column-gap-default\">\n\t\t\t\t\t\t\t<div class=\"elementor-row\">\n\t\t\t\t\t<div class=\"elementor-column elementor-col-25 elementor-top-column elementor-element elementor-element-c1780db\" data-id=\"c1780db\" data-element_type=\"column\">\n\t\t\t<div class=\"elementor-column-wrap elementor-element-populated\">\n\t\t\t\t\t\t\t<div class=\"elementor-widget-wrap\">\n\t\t\t\t\t\t<div class=\"elementor-element elementor-element-57fe0f7 elementor-widget elementor-widget-text-editor\" data-id=\"57fe0f7\" data-element_type=\"widget\" data-widget_type=\"text-editor.default\">\n\t\t\t\t<div class=\"elementor-widget-container\">\n\t\t\t\t\t<div class=\"elementor-text-editor elementor-clearfix\"><\/div>\n\t\t\t\t<\/div>\n\t\t\t\t<\/div>\n\t\t\t\t\t\t<\/div>\n\t\t\t\t\t<\/div>\n\t\t<\/div>\n\t\t\t\t<div class=\"elementor-column elementor-col-25 elementor-top-column elementor-element elementor-element-47061b2\" data-id=\"47061b2\" data-element_type=\"column\">\n\t\t\t<div class=\"elementor-column-wrap elementor-element-populated\">\n\t\t\t\t\t\t\t<div class=\"elementor-widget-wrap\">\n\t\t\t\t\t\t<div class=\"elementor-element elementor-element-895bc39 elementor-widget elementor-widget-text-editor\" data-id=\"895bc39\" data-element_type=\"widget\" data-widget_type=\"text-editor.default\">\n\t\t\t\t<div class=\"elementor-widget-container\">\n\t\t\t\t\t<div class=\"elementor-text-editor elementor-clearfix\"><p>Z\u0142\u0105cze bagnetowe z\u00a0<br \/>nakr\u0119tk\u0105 zabezpieczaj\u0105c\u0105<\/p><\/div>\n\t\t\t\t<\/div>\n\t\t\t\t<\/div>\n\t\t\t\t\t\t<\/div>\n\t\t\t\t\t<\/div>\n\t\t<\/div>\n\t\t\t\t<div class=\"elementor-column elementor-col-25 elementor-top-column elementor-element elementor-element-3774c73\" data-id=\"3774c73\" data-element_type=\"column\">\n\t\t\t<div class=\"elementor-column-wrap elementor-element-populated\">\n\t\t\t\t\t\t\t<div class=\"elementor-widget-wrap\">\n\t\t\t\t\t\t<div class=\"elementor-element elementor-element-d154643 elementor-widget elementor-widget-text-editor\" data-id=\"d154643\" data-element_type=\"widget\" data-widget_type=\"text-editor.default\">\n\t\t\t\t<div class=\"elementor-widget-container\">\n\t\t\t\t\t<div class=\"elementor-text-editor elementor-clearfix\"><p>Z\u0142\u0105cze burtowe z mocowaniem skr\u0119canym<\/p><\/div>\n\t\t\t\t<\/div>\n\t\t\t\t<\/div>\n\t\t\t\t\t\t<\/div>\n\t\t\t\t\t<\/div>\n\t\t<\/div>\n\t\t\t\t<div class=\"elementor-column elementor-col-25 elementor-top-column elementor-element elementor-element-fbb3aad\" data-id=\"fbb3aad\" data-element_type=\"column\">\n\t\t\t<div class=\"elementor-column-wrap elementor-element-populated\">\n\t\t\t\t\t\t\t<div class=\"elementor-widget-wrap\">\n\t\t\t\t\t\t<div class=\"elementor-element elementor-element-05748dc elementor-widget elementor-widget-text-editor\" data-id=\"05748dc\" data-element_type=\"widget\" data-widget_type=\"text-editor.default\">\n\t\t\t\t<div class=\"elementor-widget-container\">\n\t\t\t\t\t<div class=\"elementor-text-editor elementor-clearfix\"><p>Z\u0142\u0105cze burtowe z <br \/>ramk\u0105 monta\u017cow\u0105<\/p><\/div>\n\t\t\t\t<\/div>\n\t\t\t\t<\/div>\n\t\t\t\t\t\t<\/div>\n\t\t\t\t\t<\/div>\n\t\t<\/div>\n\t\t\t\t\t\t\t\t<\/div>\n\t\t\t\t\t<\/div>\n\t\t<\/section>\n\t\t\t\t<section class=\"elementor-section elementor-top-section elementor-element elementor-element-fa4cfde elementor-section-boxed elementor-section-height-default elementor-section-height-default\" data-id=\"fa4cfde\" data-element_type=\"section\">\n\t\t\t\t\t\t<div class=\"elementor-container elementor-column-gap-default\">\n\t\t\t\t\t\t\t<div class=\"elementor-row\">\n\t\t\t\t\t<div class=\"elementor-column elementor-col-100 elementor-top-column elementor-element elementor-element-4f42515\" data-id=\"4f42515\" data-element_type=\"column\">\n\t\t\t<div class=\"elementor-column-wrap elementor-element-populated\">\n\t\t\t\t\t\t\t<div class=\"elementor-widget-wrap\">\n\t\t\t\t\t\t<div class=\"elementor-element elementor-element-cc71a4f elementor-widget elementor-widget-text-editor\" data-id=\"cc71a4f\" data-element_type=\"widget\" data-widget_type=\"text-editor.default\">\n\t\t\t\t<div class=\"elementor-widget-container\">\n\t\t\t\t\t<div class=\"elementor-text-editor elementor-clearfix\"><p style=\"text-align: right;\"><a href=\"https:\/\/fiboss.com.pl\/?page_id=783\" target=\"_blank\">&#8211; Karta Katalogowa &#8211;<\/a><br><\/p><\/div>\n\t\t\t\t<\/div>\n\t\t\t\t<\/div>\n\t\t\t\t\t\t<\/div>\n\t\t\t\t\t<\/div>\n\t\t<\/div>\n\t\t\t\t\t\t\t\t<\/div>\n\t\t\t\t\t<\/div>\n\t\t<\/section>\n\t\t\t\t\t\t<\/div>\n\t\t\t\t\t\t<\/div>\n\t\t\t\t\t<\/div>\n\t\t","protected":false},"excerpt":{"rendered":"<p>Z\u0142\u0105cza soczewkowe z technologi\u0105 Expanded Beam firmy EUROMICRON GmbH zaprojektowane s\u0105 z my\u015bl\u0105 o instalacji w trudnych \u015brodowiskach i wielokrotnym cyklu pod\u0142\u0105czania. Gwint \u015brubowy oraz elementy monta\u017cowe rozpr\u0119\u017caj\u0105ce oferuj\u0105 bardzo trwa\u0142e i bezpieczne po\u0142\u0105czenie, pomimo negatywnych czynnik\u00f3w takich jak niskie lub wysokie temperatury, b\u0142oto, kurz, lub wysokie ci\u015bnienie. U\u017cyteczne s\u0105 zw\u0142aszcza w aplikacjach wojskowych, kopalniach, [&hellip;]<\/p>\n","protected":false},"author":2,"featured_media":0,"parent":0,"menu_order":0,"comment_status":"closed","ping_status":"closed","template":"","meta":[],"_links":{"self":[{"href":"https:\/\/fiboss.com.pl\/index.php?rest_route=\/wp\/v2\/pages\/772"}],"collection":[{"href":"https:\/\/fiboss.com.pl\/index.php?rest_route=\/wp\/v2\/pages"}],"about":[{"href":"https:\/\/fiboss.com.pl\/index.php?rest_route=\/wp\/v2\/types\/page"}],"author":[{"embeddable":true,"href":"https:\/\/fiboss.com.pl\/index.php?rest_route=\/wp\/v2\/users\/2"}],"replies":[{"embeddable":true,"href":"https:\/\/fiboss.com.pl\/index.php?rest_route=%2Fwp%2Fv2%2Fcomments&post=772"}],"version-history":[{"count":8,"href":"https:\/\/fiboss.com.pl\/index.php?rest_route=\/wp\/v2\/pages\/772\/revisions"}],"predecessor-version":[{"id":795,"href":"https:\/\/fiboss.com.pl\/index.php?rest_route=\/wp\/v2\/pages\/772\/revisions\/795"}],"wp:attachment":[{"href":"https:\/\/fiboss.com.pl\/index.php?rest_route=%2Fwp%2Fv2%2Fmedia&parent=772"}],"curies":[{"name":"wp","href":"https:\/\/api.w.org\/{rel}","templated":true}]}}