{"id":536,"date":"2019-05-27T15:29:03","date_gmt":"2019-05-27T13:29:03","guid":{"rendered":"http:\/\/fiboss.com.pl\/?page_id=536"},"modified":"2019-06-24T10:20:23","modified_gmt":"2019-06-24T08:20:23","slug":"naprawa-kabli-pomiarowych","status":"publish","type":"page","link":"https:\/\/fiboss.com.pl\/?page_id=536","title":{"rendered":"Naprawa kabli pomiarowych"},"content":{"rendered":"\t\t<div data-elementor-type=\"wp-post\" data-elementor-id=\"536\" class=\"elementor elementor-536\" data-elementor-settings=\"[]\">\n\t\t\t\t\t\t<div class=\"elementor-inner\">\n\t\t\t\t\t\t\t<div class=\"elementor-section-wrap\">\n\t\t\t\t\t\t\t<section class=\"elementor-section elementor-top-section elementor-element elementor-element-1fd28e5 elementor-section-boxed elementor-section-height-default elementor-section-height-default\" data-id=\"1fd28e5\" data-element_type=\"section\">\n\t\t\t\t\t\t<div class=\"elementor-container elementor-column-gap-default\">\n\t\t\t\t\t\t\t<div class=\"elementor-row\">\n\t\t\t\t\t<div class=\"elementor-column elementor-col-100 elementor-top-column elementor-element elementor-element-29d851c\" data-id=\"29d851c\" data-element_type=\"column\">\n\t\t\t<div class=\"elementor-column-wrap elementor-element-populated\">\n\t\t\t\t\t\t\t<div class=\"elementor-widget-wrap\">\n\t\t\t\t\t\t<div class=\"elementor-element elementor-element-bc32ec0 elementor-widget elementor-widget-text-editor\" data-id=\"bc32ec0\" data-element_type=\"widget\" data-widget_type=\"text-editor.default\">\n\t\t\t\t<div class=\"elementor-widget-container\">\n\t\t\t\t\t<div class=\"elementor-text-editor elementor-clearfix\"><p class=\"Mso-normal\" style=\"font-weight: 400; text-align: center;\"><b><strong>Naprawa z\u0142\u0105czy w przyrz\u0105dach pomiarowych<\/strong><\/b><\/p>\n<p style=\"font-weight: 400;\"><b><strong>\u00a0<\/strong><\/b><\/p>\n<p style=\"font-weight: 400; text-align: left;\">Cz\u0119sto w porci\u200be \u017ar\u00f3d\u0142a mocy optycznej w przyrz\u0105dach \u015bwiat\u0142owodowych ulega uszkodzeniu z\u0142\u0105cze w wyniku pod\u0142\u0105czania niesprawdzonych, zabrudzonych kabli pomiarowych [zwykle z pomini\u0119ciem kabli wzorcowych]<\/p><\/div>\n\t\t\t\t<\/div>\n\t\t\t\t<\/div>\n\t\t\t\t<section class=\"elementor-section elementor-inner-section elementor-element elementor-element-d80d960 elementor-section-boxed elementor-section-height-default elementor-section-height-default\" data-id=\"d80d960\" data-element_type=\"section\">\n\t\t\t\t\t\t<div class=\"elementor-container elementor-column-gap-default\">\n\t\t\t\t\t\t\t<div class=\"elementor-row\">\n\t\t\t\t\t<div class=\"elementor-column elementor-col-50 elementor-inner-column elementor-element elementor-element-a652da3\" data-id=\"a652da3\" data-element_type=\"column\">\n\t\t\t<div class=\"elementor-column-wrap elementor-element-populated\">\n\t\t\t\t\t\t\t<div class=\"elementor-widget-wrap\">\n\t\t\t\t\t\t<div class=\"elementor-element elementor-element-16f1ad1 elementor-position-top elementor-vertical-align-top elementor-widget elementor-widget-image-box\" data-id=\"16f1ad1\" data-element_type=\"widget\" data-widget_type=\"image-box.default\">\n\t\t\t\t<div class=\"elementor-widget-container\">\n\t\t\t<div class=\"elementor-image-box-wrapper\"><figure class=\"elementor-image-box-img\"><img width=\"807\" height=\"699\" src=\"https:\/\/fiboss.com.pl\/wp-content\/uploads\/2019\/06\/zdj-AFC-uszkodzone.png\" class=\"attachment-full size-full\" alt=\"\" loading=\"lazy\" srcset=\"https:\/\/fiboss.com.pl\/wp-content\/uploads\/2019\/06\/zdj-AFC-uszkodzone.png 807w, https:\/\/fiboss.com.pl\/wp-content\/uploads\/2019\/06\/zdj-AFC-uszkodzone-300x260.png 300w, https:\/\/fiboss.com.pl\/wp-content\/uploads\/2019\/06\/zdj-AFC-uszkodzone-768x665.png 768w\" sizes=\"(max-width: 807px) 100vw, 807px\" \/><\/figure><div class=\"elementor-image-box-content\"><p class=\"elementor-image-box-description\">Z\u0142\u0105cze FC\/APC z uszkodzeniami powierzchni czo\u0142a<\/p><\/div><\/div>\t\t<\/div>\n\t\t\t\t<\/div>\n\t\t\t\t\t\t<\/div>\n\t\t\t\t\t<\/div>\n\t\t<\/div>\n\t\t\t\t<div class=\"elementor-column elementor-col-50 elementor-inner-column elementor-element elementor-element-1e1d20c\" data-id=\"1e1d20c\" data-element_type=\"column\">\n\t\t\t<div class=\"elementor-column-wrap elementor-element-populated\">\n\t\t\t\t\t\t\t<div class=\"elementor-widget-wrap\">\n\t\t\t\t\t\t<div class=\"elementor-element elementor-element-7e6603a elementor-position-top elementor-vertical-align-top elementor-widget elementor-widget-image-box\" data-id=\"7e6603a\" data-element_type=\"widget\" data-widget_type=\"image-box.default\">\n\t\t\t\t<div class=\"elementor-widget-container\">\n\t\t\t<div class=\"elementor-image-box-wrapper\"><figure class=\"elementor-image-box-img\"><img width=\"1000\" height=\"848\" src=\"https:\/\/fiboss.com.pl\/wp-content\/uploads\/2019\/06\/zdj-AFC-po-naprawie.png\" class=\"attachment-full size-full\" alt=\"\" loading=\"lazy\" srcset=\"https:\/\/fiboss.com.pl\/wp-content\/uploads\/2019\/06\/zdj-AFC-po-naprawie.png 1000w, https:\/\/fiboss.com.pl\/wp-content\/uploads\/2019\/06\/zdj-AFC-po-naprawie-300x254.png 300w, https:\/\/fiboss.com.pl\/wp-content\/uploads\/2019\/06\/zdj-AFC-po-naprawie-768x651.png 768w\" sizes=\"(max-width: 1000px) 100vw, 1000px\" \/><\/figure><div class=\"elementor-image-box-content\"><p class=\"elementor-image-box-description\">To samo z\u0142\u0105cze po naprawie (przepolerowaniu i kontroli interferometrycznej)<\/p><\/div><\/div>\t\t<\/div>\n\t\t\t\t<\/div>\n\t\t\t\t\t\t<\/div>\n\t\t\t\t\t<\/div>\n\t\t<\/div>\n\t\t\t\t\t\t\t\t<\/div>\n\t\t\t\t\t<\/div>\n\t\t<\/section>\n\t\t\t\t<section class=\"elementor-section elementor-inner-section elementor-element elementor-element-530f2c6 elementor-section-boxed elementor-section-height-default elementor-section-height-default\" data-id=\"530f2c6\" data-element_type=\"section\">\n\t\t\t\t\t\t<div class=\"elementor-container elementor-column-gap-default\">\n\t\t\t\t\t\t\t<div class=\"elementor-row\">\n\t\t\t\t\t<div class=\"elementor-column elementor-col-50 elementor-inner-column elementor-element elementor-element-56fcc45\" data-id=\"56fcc45\" data-element_type=\"column\">\n\t\t\t<div class=\"elementor-column-wrap elementor-element-populated\">\n\t\t\t\t\t\t\t<div class=\"elementor-widget-wrap\">\n\t\t\t\t\t\t<div class=\"elementor-element elementor-element-4131667 elementor-widget elementor-widget-image\" data-id=\"4131667\" data-element_type=\"widget\" data-widget_type=\"image.default\">\n\t\t\t\t<div class=\"elementor-widget-container\">\n\t\t\t\t\t<div class=\"elementor-image\">\n\t\t\t\t\t\t\t\t\t\t<img width=\"431\" height=\"456\" src=\"https:\/\/fiboss.com.pl\/wp-content\/uploads\/2019\/06\/przyrz\u0105d-ORL1.png\" class=\"attachment-large size-large\" alt=\"\" loading=\"lazy\" srcset=\"https:\/\/fiboss.com.pl\/wp-content\/uploads\/2019\/06\/przyrz\u0105d-ORL1.png 431w, https:\/\/fiboss.com.pl\/wp-content\/uploads\/2019\/06\/przyrz\u0105d-ORL1-284x300.png 284w\" sizes=\"(max-width: 431px) 100vw, 431px\" \/>\t\t\t\t\t\t\t\t\t\t\t<\/div>\n\t\t\t\t<\/div>\n\t\t\t\t<\/div>\n\t\t\t\t\t\t<\/div>\n\t\t\t\t\t<\/div>\n\t\t<\/div>\n\t\t\t\t<div class=\"elementor-column elementor-col-50 elementor-inner-column elementor-element elementor-element-29b5465\" data-id=\"29b5465\" data-element_type=\"column\">\n\t\t\t<div class=\"elementor-column-wrap elementor-element-populated\">\n\t\t\t\t\t\t\t<div class=\"elementor-widget-wrap\">\n\t\t\t\t\t\t<div class=\"elementor-element elementor-element-937635c elementor-widget elementor-widget-text-editor\" data-id=\"937635c\" data-element_type=\"widget\" data-widget_type=\"text-editor.default\">\n\t\t\t\t<div class=\"elementor-widget-container\">\n\t\t\t\t\t<div class=\"elementor-text-editor elementor-clearfix\"><p><span style=\"font-size: 11pt; font-family: Tahoma, sans-serif;\">Na zdj\u0119ciu po lewej wskazania przyrz\u0105du przy ca\u0142kowity wyt\u0142umienia odbicia<\/span><\/p>\n<p><span style=\"font-family: Tahoma, sans-serif; font-size: 11pt;\">Strona RL<\/span><\/p>\n<p><span style=\"font-size: 11pt; font-family: Tahoma, sans-serif;\">\u2013 d\u0142ugo\u015b\u0107 fali \u03bb=1310nm<\/span><\/p>\n<p><span style=\"font-size: 11pt; font-family: Tahoma, sans-serif;\">&#8211; Lo dBm \u2013\u00a0<\/span><span style=\"font-size: 9pt; font-family: Tahoma, sans-serif;\">poziom mocy odbitej \u2013 poni\u017cej zakresu mierzalnego<\/span><\/p>\n<p><span style=\"font-size: 11pt; font-family: Tahoma, sans-serif;\">\u00a0 75.0 dB \u2013 wzgl\u0119dna warto\u015b\u0107 odbicia RL<\/span><\/p>\n<p><span style=\"font-size: 9pt; font-family: Tahoma, sans-serif;\">warto\u015b\u0107 przy ca\u0142kowity st\u0142umieniu odbicia z\u0142\u0105cza pomiarowego FC\/PC na kostce \u017celu\u00a0<span style=\"font-weight: bold;\"><i>Index Matching Gel<\/i><\/span>\u00a0. Takie wskazanie jest uzyskiwane gdy \u201edotykamy\u201d granicznych warto\u015bci czu\u0142o\u015bci przyrz\u0105du. Gdy mierzona warto\u015b\u0107 RL jest poni\u017cej czu\u0142o\u015bci przyrz\u0105d odcina szumy i pokazuje najmniejsz\u0105 warto\u015b\u0107 granicy czu\u0142o\u015bci. [modu\u0142 z warto\u015bci -75dB]<\/span><\/p><\/div>\n\t\t\t\t<\/div>\n\t\t\t\t<\/div>\n\t\t\t\t\t\t<\/div>\n\t\t\t\t\t<\/div>\n\t\t<\/div>\n\t\t\t\t\t\t\t\t<\/div>\n\t\t\t\t\t<\/div>\n\t\t<\/section>\n\t\t\t\t<div class=\"elementor-element elementor-element-2acac83 elementor-widget elementor-widget-text-editor\" data-id=\"2acac83\" data-element_type=\"widget\" data-widget_type=\"text-editor.default\">\n\t\t\t\t<div class=\"elementor-widget-container\">\n\t\t\t\t\t<div class=\"elementor-text-editor elementor-clearfix\"><p class=\"MsoNormal\"><span style=\"font-family: Tahoma, sans-serif; font-size: 9pt;\">Oferujemy:<\/span><\/p>\n<p class=\"MsoNormal\" style=\"margin-left: 36.0pt; text-indent: -18.0pt; mso-list: l0 level1 lfo1;\"><!-- [if !supportLists]--><span style=\"font-size: 9.0pt; font-family: 'Tahoma',sans-serif; mso-fareast-font-family: Tahoma;\">1.<span style=\"font-variant-numeric: normal; font-variant-east-asian: normal; font-stretch: normal; font-size: 7pt; line-height: normal; font-family: 'Times New Roman';\">\u00a0\u00a0\u00a0\u00a0\u00a0 <\/span><\/span><!--[endif]--><span style=\"font-size: 9.0pt; font-family: 'Tahoma',sans-serif;\">Diagnostyk\u0119 i napraw\u0119 z\u0142\u0105czy w przyrz\u0105dach pomiarowych [naprawa mo\u017ce obejmowa\u0107 przepolerowanie usuwaj\u0105ce uszkodzenia czo\u0142a szklanego w\u0142\u00f3kna, lub wymian\u0119 z\u0142\u0105cza, gdy zabieg przepolerowania nie jest ju\u017c mo\u017cliwy]<\/span><\/p>\n<p class=\"MsoNormal\" style=\"margin-left: 36.0pt; text-indent: -18.0pt; mso-list: l0 level1 lfo1;\"><!-- [if !supportLists]--><span style=\"font-size: 9.0pt; font-family: 'Tahoma',sans-serif; mso-fareast-font-family: Tahoma;\">2.<span style=\"font-variant-numeric: normal; font-variant-east-asian: normal; font-stretch: normal; font-size: 7pt; line-height: normal; font-family: 'Times New Roman';\">\u00a0\u00a0\u00a0\u00a0\u00a0 <\/span><\/span><!--[endif]--><span style=\"font-size: 9.0pt; font-family: 'Tahoma',sans-serif;\">Kable pomiarowe z certyfikatami pomiarowymi na z\u0142\u0105czach MASTER<\/span><\/p>\n<p class=\"MsoNormal\" style=\"margin-left: 36.0pt; text-indent: -18.0pt; mso-list: l0 level1 lfo1;\"><!-- [if !supportLists]--><span style=\"font-size: 9.0pt; font-family: 'Tahoma',sans-serif; mso-fareast-font-family: Tahoma;\">3.<span style=\"font-variant-numeric: normal; font-variant-east-asian: normal; font-stretch: normal; font-size: 7pt; line-height: normal; font-family: 'Times New Roman';\">\u00a0\u00a0\u00a0\u00a0\u00a0 <\/span><\/span><!--[endif]--><span style=\"font-size: 9.0pt; font-family: 'Tahoma',sans-serif;\">Diagnostyk\u0119 i napraw\u0119 z\u0142\u0105czy z kablach pomiarowych [procedura podobna do naprawy z\u0142\u0105czy w przyrz\u0105dach]<\/span><\/p>\n<p class=\"MsoNormal\" style=\"margin-left: 36.0pt; text-indent: -18.0pt; mso-list: l0 level1 lfo1;\"><!-- [if !supportLists]--><span style=\"font-size: 9.0pt; font-family: 'Tahoma',sans-serif; mso-fareast-font-family: Tahoma;\">4.<span style=\"font-variant-numeric: normal; font-variant-east-asian: normal; font-stretch: normal; font-size: 7pt; line-height: normal; font-family: 'Times New Roman';\">\u00a0\u00a0\u00a0\u00a0\u00a0 <\/span><\/span><!--[endif]--><span style=\"font-size: 9.0pt; font-family: 'Tahoma',sans-serif;\">\u015arodki czysto\u015bci i narz\u0119dzia diagnostyczne: <\/span><\/p>\n<p>\u00a0<\/p>\n<p class=\"MsoNormal\" style=\"margin-left: 35.4pt;\"><span style=\"font-size: 9.0pt; font-family: 'Tahoma',sans-serif;\">Czy\u015bciki do z\u0142\u0105czy typu push-pull, kasety czyszcz\u0105ce, chusteczki bezpy\u0142owe suche, nas\u0105czane do szkie\u0142\/z\u0142\u0105czy pomiarowych, \u017cel [matching Block] do pomiar\u00f3w ORL, mikroskopy do diagnostyki stanu czo\u0142a z\u0142\u0105czy, laboratoryjne, przeno\u015bne pod\u0142\u0105czane do PC, z modu\u0142em Bluetooth, Wifi, wsp\u00f3\u0142pracuj\u0105ce ze smartfonami.<\/span><\/p><\/div>\n\t\t\t\t<\/div>\n\t\t\t\t<\/div>\n\t\t\t\t\t\t<\/div>\n\t\t\t\t\t<\/div>\n\t\t<\/div>\n\t\t\t\t\t\t\t\t<\/div>\n\t\t\t\t\t<\/div>\n\t\t<\/section>\n\t\t\t\t\t\t<\/div>\n\t\t\t\t\t\t<\/div>\n\t\t\t\t\t<\/div>\n\t\t","protected":false},"excerpt":{"rendered":"<p>Naprawa z\u0142\u0105czy w przyrz\u0105dach pomiarowych \u00a0 Cz\u0119sto w porci\u200be \u017ar\u00f3d\u0142a mocy optycznej w przyrz\u0105dach \u015bwiat\u0142owodowych ulega uszkodzeniu z\u0142\u0105cze w wyniku pod\u0142\u0105czania niesprawdzonych, zabrudzonych kabli pomiarowych [zwykle z pomini\u0119ciem kabli wzorcowych] Z\u0142\u0105cze FC\/APC z uszkodzeniami powierzchni czo\u0142a To samo z\u0142\u0105cze po naprawie (przepolerowaniu i kontroli interferometrycznej) Na zdj\u0119ciu po lewej wskazania przyrz\u0105du przy ca\u0142kowity wyt\u0142umienia odbicia [&hellip;]<\/p>\n","protected":false},"author":2,"featured_media":0,"parent":0,"menu_order":0,"comment_status":"closed","ping_status":"closed","template":"","meta":[],"_links":{"self":[{"href":"https:\/\/fiboss.com.pl\/index.php?rest_route=\/wp\/v2\/pages\/536"}],"collection":[{"href":"https:\/\/fiboss.com.pl\/index.php?rest_route=\/wp\/v2\/pages"}],"about":[{"href":"https:\/\/fiboss.com.pl\/index.php?rest_route=\/wp\/v2\/types\/page"}],"author":[{"embeddable":true,"href":"https:\/\/fiboss.com.pl\/index.php?rest_route=\/wp\/v2\/users\/2"}],"replies":[{"embeddable":true,"href":"https:\/\/fiboss.com.pl\/index.php?rest_route=%2Fwp%2Fv2%2Fcomments&post=536"}],"version-history":[{"count":7,"href":"https:\/\/fiboss.com.pl\/index.php?rest_route=\/wp\/v2\/pages\/536\/revisions"}],"predecessor-version":[{"id":672,"href":"https:\/\/fiboss.com.pl\/index.php?rest_route=\/wp\/v2\/pages\/536\/revisions\/672"}],"wp:attachment":[{"href":"https:\/\/fiboss.com.pl\/index.php?rest_route=%2Fwp%2Fv2%2Fmedia&parent=536"}],"curies":[{"name":"wp","href":"https:\/\/api.w.org\/{rel}","templated":true}]}}