{"id":255,"date":"2018-06-25T11:45:44","date_gmt":"2018-06-25T09:45:44","guid":{"rendered":"http:\/\/fiboss.com.pl\/?page_id=255"},"modified":"2019-06-07T11:43:13","modified_gmt":"2019-06-07T09:43:13","slug":"produkty","status":"publish","type":"page","link":"https:\/\/fiboss.com.pl\/?page_id=255","title":{"rendered":"Produkty"},"content":{"rendered":"\t\t<div data-elementor-type=\"wp-post\" data-elementor-id=\"255\" class=\"elementor elementor-255\" data-elementor-settings=\"[]\">\n\t\t\t\t\t\t<div class=\"elementor-inner\">\n\t\t\t\t\t\t\t<div class=\"elementor-section-wrap\">\n\t\t\t\t\t\t\t<section class=\"elementor-section elementor-top-section elementor-element elementor-element-72c6d23c elementor-section-boxed elementor-section-height-default elementor-section-height-default\" data-id=\"72c6d23c\" data-element_type=\"section\">\n\t\t\t\t\t\t<div class=\"elementor-container elementor-column-gap-default\">\n\t\t\t\t\t\t\t<div class=\"elementor-row\">\n\t\t\t\t\t<div class=\"elementor-column elementor-col-100 elementor-top-column elementor-element elementor-element-2189d5bd\" data-id=\"2189d5bd\" data-element_type=\"column\">\n\t\t\t<div class=\"elementor-column-wrap elementor-element-populated\">\n\t\t\t\t\t\t\t<div class=\"elementor-widget-wrap\">\n\t\t\t\t\t\t<div class=\"elementor-element elementor-element-75295af6 elementor-widget elementor-widget-text-editor\" data-id=\"75295af6\" data-element_type=\"widget\" data-widget_type=\"text-editor.default\">\n\t\t\t\t<div class=\"elementor-widget-container\">\n\t\t\t\t\t<div class=\"elementor-text-editor elementor-clearfix\"><p><strong>Technologie \u015bwiat\u0142owodowe<\/strong><\/p>\n<ul>\n<li>Interferometryczne pomiary z\u0142\u0105czy \u015bwiat\u0142owodowych<\/li>\n<li>Polerowanie z\u0142\u0105czy \u015bwiat\u0142owodowych &#8211; materia\u0142y polerskie, maszyny + uchwyty polerskie, kompletacja osprz\u0119tu do linii technologicznych<\/li>\n<li>elementy \u015bwiat\u0142owodowe \/pasywne i aktywne\/<\/li>\n<li>Kompletne rozwi\u0105zania do monta\u017cu i diagnostyki z\u0142\u0105czy HFBR\u00a0 z w\u0142\u00f3knami POF,\u00a0 na bazie tworzyw PMMA. Oferujemy rozwi\u0105zania tak dla instalator\u00f3w oraz co jest unikalne, rozwi\u0105zania dedykowane dla masowej produkcji wielkoseryjnej z zastosowaniem maszyn polerskich.<\/li>\n<\/ul>\n<p><strong>Technologie polerowania i docierania<\/strong><\/p>\n<ul>\n<li>Interferometryczne systemy pomiarowe do analizy powierzchni<\/li>\n<li>Mierniki IL, ORL, spe\u0142niaj\u0105ce wymogi pomiar\u00f3w metodami transmisyjn\u0105 oraz OTDR<\/li>\n<li>Materia\u0142y polerskie od\u00a0nano-cz\u0105stek poczynaj\u0105c<\/li>\n<\/ul>\n<!-- wp:paragraph -->\n<p>\u00a0<\/p>\n<!-- \/wp:paragraph --><\/div>\n\t\t\t\t<\/div>\n\t\t\t\t<\/div>\n\t\t\t\t\t\t<\/div>\n\t\t\t\t\t<\/div>\n\t\t<\/div>\n\t\t\t\t\t\t\t\t<\/div>\n\t\t\t\t\t<\/div>\n\t\t<\/section>\n\t\t\t\t\t\t<\/div>\n\t\t\t\t\t\t<\/div>\n\t\t\t\t\t<\/div>\n\t\t","protected":false},"excerpt":{"rendered":"<p>Technologie \u015bwiat\u0142owodowe Interferometryczne pomiary z\u0142\u0105czy \u015bwiat\u0142owodowych Polerowanie z\u0142\u0105czy \u015bwiat\u0142owodowych &#8211; materia\u0142y polerskie, maszyny + uchwyty polerskie, kompletacja osprz\u0119tu do linii technologicznych elementy \u015bwiat\u0142owodowe \/pasywne i aktywne\/ Kompletne rozwi\u0105zania do monta\u017cu i diagnostyki z\u0142\u0105czy HFBR\u00a0 z w\u0142\u00f3knami POF,\u00a0 na bazie tworzyw PMMA. Oferujemy rozwi\u0105zania tak dla instalator\u00f3w oraz co jest unikalne, rozwi\u0105zania dedykowane dla masowej produkcji [&hellip;]<\/p>\n","protected":false},"author":1,"featured_media":0,"parent":0,"menu_order":0,"comment_status":"closed","ping_status":"closed","template":"","meta":[],"_links":{"self":[{"href":"https:\/\/fiboss.com.pl\/index.php?rest_route=\/wp\/v2\/pages\/255"}],"collection":[{"href":"https:\/\/fiboss.com.pl\/index.php?rest_route=\/wp\/v2\/pages"}],"about":[{"href":"https:\/\/fiboss.com.pl\/index.php?rest_route=\/wp\/v2\/types\/page"}],"author":[{"embeddable":true,"href":"https:\/\/fiboss.com.pl\/index.php?rest_route=\/wp\/v2\/users\/1"}],"replies":[{"embeddable":true,"href":"https:\/\/fiboss.com.pl\/index.php?rest_route=%2Fwp%2Fv2%2Fcomments&post=255"}],"version-history":[{"count":5,"href":"https:\/\/fiboss.com.pl\/index.php?rest_route=\/wp\/v2\/pages\/255\/revisions"}],"predecessor-version":[{"id":629,"href":"https:\/\/fiboss.com.pl\/index.php?rest_route=\/wp\/v2\/pages\/255\/revisions\/629"}],"wp:attachment":[{"href":"https:\/\/fiboss.com.pl\/index.php?rest_route=%2Fwp%2Fv2%2Fmedia&parent=255"}],"curies":[{"name":"wp","href":"https:\/\/api.w.org\/{rel}","templated":true}]}}