{"id":217,"date":"2018-06-22T12:09:32","date_gmt":"2018-06-22T10:09:32","guid":{"rendered":"http:\/\/fiboss.com.pl\/?page_id=217"},"modified":"2019-06-23T11:49:19","modified_gmt":"2019-06-23T09:49:19","slug":"interferometr","status":"publish","type":"page","link":"https:\/\/fiboss.com.pl\/?page_id=217","title":{"rendered":"Interferometry"},"content":{"rendered":"<p><span style=\"color: #000000;\">Rodzina unikalnych przyrz\u0105d\u00f3w ameryka\u0144skiej firmy DORC, kt\u00f3re jako jedyne na rynku potrafi\u0105 realizowa\u0107 autokalibracj\u0119 jedynie po zamontowaniu specjalnego z\u0142\u0105cza, kt\u00f3re jest rozpoznawane przez przyrz\u0105d automatycznie po zamontowaniu, a parametry zapisane w bazie. <\/span><\/p>\n<h1>ZX-1 micro PMS +<\/h1>\n<p><a href=\"https:\/\/fiboss.com.pl\/wp-content\/uploads\/2018\/06\/ZX-1-micro-Array.gif\"><img loading=\"lazy\" class=\"alignleft wp-image-221\" src=\"https:\/\/fiboss.com.pl\/wp-content\/uploads\/2018\/06\/ZX-1-micro-Array.gif\" alt=\"\" width=\"541\" height=\"334\"><\/a><\/p>\n<h1><\/h1>\n<h1><\/h1>\n<h1><\/h1>\n<h1><\/h1>\n<h1>ZX-1 micro Array+<\/h1>\n<p>Dedykowany do pomiar\u00f3w z\u0142\u0105czy MTP\/MPO, potrafi jednocze\u015bnie na diagnostyk\u0119 tradycyjnych z\u0142\u0105czy jednow\u0142\u00f3knowych.<\/p>\n<h1><strong>ZX-1 micro DUET+<\/strong><\/h1>\n<p><a href=\"https:\/\/fiboss.com.pl\/wp-content\/uploads\/2018\/06\/ZX-1-micro-DUET-T.gif\"><img loading=\"lazy\" class=\"alignleft wp-image-220\" src=\"https:\/\/fiboss.com.pl\/wp-content\/uploads\/2018\/06\/ZX-1-micro-DUET-T.gif\" alt=\"\" width=\"540\" height=\"318\"><\/a><\/p>\n<h1><\/h1>\n<h1><\/h1>\n<h1><\/h1>\n<h1><\/h1>\n<h1><\/h1>\n<p>Gdy chcemy zaoszcz\u0119dzi\u0107 czas potrzebny na zmian\u0119 uchwytu <em>chuck<\/em>, czy te\u017c miejsce na kolejny pojedynczy interferometr, dost\u0119pna jest wersja DUET. W jednej obudowie mo\u017cemy zainstalowa\u0107 r\u00f3\u017cne kombinacje dost\u0119pnych wersji &#8211; np: Array + Micro PMS, lub&nbsp;Micro PMS +&nbsp;Micro PMS, obie obs\u0142ugiwane przez jeden komputer. Takie podw\u00f3jne rozwi\u0105zanie jest szczeg\u00f3lnie przydane do szybkiej kontroli kabli typu <em>fun-out<\/em>.<\/p>\n","protected":false},"excerpt":{"rendered":"<p>Rodzina unikalnych przyrz\u0105d\u00f3w ameryka\u0144skiej firmy DORC, kt\u00f3re jako jedyne na rynku potrafi\u0105 realizowa\u0107 autokalibracj\u0119 jedynie po zamontowaniu specjalnego z\u0142\u0105cza, kt\u00f3re jest rozpoznawane przez przyrz\u0105d automatycznie po zamontowaniu, a parametry zapisane w bazie. ZX-1 micro PMS + ZX-1 micro Array+ Dedykowany do pomiar\u00f3w z\u0142\u0105czy MTP\/MPO, potrafi jednocze\u015bnie na diagnostyk\u0119 tradycyjnych z\u0142\u0105czy jednow\u0142\u00f3knowych. ZX-1 micro DUET+ Gdy [&hellip;]<\/p>\n","protected":false},"author":1,"featured_media":0,"parent":0,"menu_order":0,"comment_status":"closed","ping_status":"closed","template":"","meta":[],"_links":{"self":[{"href":"https:\/\/fiboss.com.pl\/index.php?rest_route=\/wp\/v2\/pages\/217"}],"collection":[{"href":"https:\/\/fiboss.com.pl\/index.php?rest_route=\/wp\/v2\/pages"}],"about":[{"href":"https:\/\/fiboss.com.pl\/index.php?rest_route=\/wp\/v2\/types\/page"}],"author":[{"embeddable":true,"href":"https:\/\/fiboss.com.pl\/index.php?rest_route=\/wp\/v2\/users\/1"}],"replies":[{"embeddable":true,"href":"https:\/\/fiboss.com.pl\/index.php?rest_route=%2Fwp%2Fv2%2Fcomments&post=217"}],"version-history":[{"count":12,"href":"https:\/\/fiboss.com.pl\/index.php?rest_route=\/wp\/v2\/pages\/217\/revisions"}],"predecessor-version":[{"id":509,"href":"https:\/\/fiboss.com.pl\/index.php?rest_route=\/wp\/v2\/pages\/217\/revisions\/509"}],"wp:attachment":[{"href":"https:\/\/fiboss.com.pl\/index.php?rest_route=%2Fwp%2Fv2%2Fmedia&parent=217"}],"curies":[{"name":"wp","href":"https:\/\/api.w.org\/{rel}","templated":true}]}}