{"id":207,"date":"2018-06-22T11:24:18","date_gmt":"2018-06-22T09:24:18","guid":{"rendered":"http:\/\/fiboss.com.pl\/?page_id=207"},"modified":"2019-08-14T11:57:43","modified_gmt":"2019-08-14T09:57:43","slug":"filc-polerski","status":"publish","type":"page","link":"https:\/\/fiboss.com.pl\/?page_id=207","title":{"rendered":"Filc Polerski"},"content":{"rendered":"\t\t<div data-elementor-type=\"wp-post\" data-elementor-id=\"207\" class=\"elementor elementor-207\" data-elementor-settings=\"[]\">\n\t\t\t\t\t\t<div class=\"elementor-inner\">\n\t\t\t\t\t\t\t<div class=\"elementor-section-wrap\">\n\t\t\t\t\t\t\t<section class=\"elementor-section elementor-top-section elementor-element elementor-element-a3d9ee4 elementor-section-boxed elementor-section-height-default elementor-section-height-default\" data-id=\"a3d9ee4\" data-element_type=\"section\">\n\t\t\t\t\t\t<div class=\"elementor-container elementor-column-gap-default\">\n\t\t\t\t\t\t\t<div class=\"elementor-row\">\n\t\t\t\t\t<div class=\"elementor-column elementor-col-100 elementor-top-column elementor-element elementor-element-7c8720a\" data-id=\"7c8720a\" data-element_type=\"column\">\n\t\t\t<div class=\"elementor-column-wrap elementor-element-populated\">\n\t\t\t\t\t\t\t<div class=\"elementor-widget-wrap\">\n\t\t\t\t\t\t<div class=\"elementor-element elementor-element-e77de47 elementor-arrows-position-inside elementor-pagination-position-outside elementor-widget elementor-widget-image-carousel\" data-id=\"e77de47\" data-element_type=\"widget\" data-settings=\"{&quot;navigation&quot;:&quot;both&quot;,&quot;autoplay&quot;:&quot;yes&quot;,&quot;pause_on_hover&quot;:&quot;yes&quot;,&quot;pause_on_interaction&quot;:&quot;yes&quot;,&quot;autoplay_speed&quot;:5000,&quot;infinite&quot;:&quot;yes&quot;,&quot;speed&quot;:500}\" data-widget_type=\"image-carousel.default\">\n\t\t\t\t<div class=\"elementor-widget-container\">\n\t\t\t\t\t<div class=\"elementor-image-carousel-wrapper swiper-container\" dir=\"ltr\">\n\t\t\t<div class=\"elementor-image-carousel swiper-wrapper\">\n\t\t\t\t<div class=\"swiper-slide\"><a data-elementor-open-lightbox=\"yes\" data-elementor-lightbox-slideshow=\"e77de47\" data-elementor-lightbox-title=\"Filc do polerowania stali nierdzewnej\" href=\"https:\/\/fiboss.com.pl\/wp-content\/uploads\/2019\/08\/Filc-do-polerowania-stali-nierdzewnej.jpg\"><figure class=\"swiper-slide-inner\"><img class=\"swiper-slide-image\" src=\"https:\/\/fiboss.com.pl\/wp-content\/uploads\/2019\/08\/Filc-do-polerowania-stali-nierdzewnej-150x150.jpg\" alt=\"Filc do polerowania stali nierdzewnej\" \/><\/figure><\/a><\/div><div class=\"swiper-slide\"><a data-elementor-open-lightbox=\"yes\" data-elementor-lightbox-slideshow=\"e77de47\" data-elementor-lightbox-title=\"filc na rzepie\" href=\"https:\/\/fiboss.com.pl\/wp-content\/uploads\/2019\/08\/filc-na-rzepie.jpg\"><figure class=\"swiper-slide-inner\"><img class=\"swiper-slide-image\" src=\"https:\/\/fiboss.com.pl\/wp-content\/uploads\/2019\/08\/filc-na-rzepie-150x150.jpg\" alt=\"filc na rzepie\" \/><\/figure><\/a><\/div><div class=\"swiper-slide\"><a data-elementor-open-lightbox=\"yes\" data-elementor-lightbox-slideshow=\"e77de47\" data-elementor-lightbox-title=\"filc na trzpieniu 6mm\" href=\"https:\/\/fiboss.com.pl\/wp-content\/uploads\/2019\/08\/filc-na-trzpieniu-6mm.jpg\"><figure class=\"swiper-slide-inner\"><img class=\"swiper-slide-image\" src=\"https:\/\/fiboss.com.pl\/wp-content\/uploads\/2019\/08\/filc-na-trzpieniu-6mm-150x150.jpg\" alt=\"filc na trzpieniu 6mm\" \/><\/figure><\/a><\/div><div class=\"swiper-slide\"><a data-elementor-open-lightbox=\"yes\" data-elementor-lightbox-slideshow=\"e77de47\" data-elementor-lightbox-title=\"filc z uchwytem M14\" href=\"https:\/\/fiboss.com.pl\/wp-content\/uploads\/2019\/08\/filc-z-uchwytem-M14.jpg\"><figure class=\"swiper-slide-inner\"><img class=\"swiper-slide-image\" src=\"https:\/\/fiboss.com.pl\/wp-content\/uploads\/2019\/08\/filc-z-uchwytem-M14-150x150.jpg\" alt=\"filc z uchwytem M14\" \/><\/figure><\/a><\/div><div class=\"swiper-slide\"><a data-elementor-open-lightbox=\"yes\" data-elementor-lightbox-slideshow=\"e77de47\" data-elementor-lightbox-title=\"rury do smarownic\" href=\"https:\/\/fiboss.com.pl\/wp-content\/uploads\/2019\/08\/rury-do-smarownic.jpg\"><figure class=\"swiper-slide-inner\"><img class=\"swiper-slide-image\" src=\"https:\/\/fiboss.com.pl\/wp-content\/uploads\/2019\/08\/rury-do-smarownic-150x150.jpg\" alt=\"rury do smarownic\" \/><\/figure><\/a><\/div><div class=\"swiper-slide\"><a data-elementor-open-lightbox=\"yes\" data-elementor-lightbox-slideshow=\"e77de47\" data-elementor-lightbox-title=\"20190624_104417\" href=\"https:\/\/fiboss.com.pl\/wp-content\/uploads\/2019\/07\/20190624_104417.jpg\"><figure class=\"swiper-slide-inner\"><img class=\"swiper-slide-image\" src=\"https:\/\/fiboss.com.pl\/wp-content\/uploads\/2019\/07\/20190624_104417-150x150.jpg\" alt=\"20190624_104417\" \/><\/figure><\/a><\/div>\t\t\t<\/div>\n\t\t\t\t\t\t\t\t\t\t\t\t<div class=\"swiper-pagination\"><\/div>\n\t\t\t\t\t\t\t\t\t\t\t\t\t<div class=\"elementor-swiper-button elementor-swiper-button-prev\">\n\t\t\t\t\t\t<i class=\"eicon-chevron-left\" aria-hidden=\"true\"><\/i>\n\t\t\t\t\t\t<span class=\"elementor-screen-only\">Previous<\/span>\n\t\t\t\t\t<\/div>\n\t\t\t\t\t<div class=\"elementor-swiper-button elementor-swiper-button-next\">\n\t\t\t\t\t\t<i class=\"eicon-chevron-right\" aria-hidden=\"true\"><\/i>\n\t\t\t\t\t\t<span class=\"elementor-screen-only\">Next<\/span>\n\t\t\t\t\t<\/div>\n\t\t\t\t\t\t\t\t\t<\/div>\n\t\t\t\t<\/div>\n\t\t\t\t<\/div>\n\t\t\t\t\t\t<\/div>\n\t\t\t\t\t<\/div>\n\t\t<\/div>\n\t\t\t\t\t\t\t\t<\/div>\n\t\t\t\t\t<\/div>\n\t\t<\/section>\n\t\t\t\t<section class=\"elementor-section elementor-top-section elementor-element elementor-element-7fa4e8b3 elementor-section-boxed elementor-section-height-default elementor-section-height-default\" data-id=\"7fa4e8b3\" data-element_type=\"section\">\n\t\t\t\t\t\t<div class=\"elementor-container elementor-column-gap-default\">\n\t\t\t\t\t\t\t<div class=\"elementor-row\">\n\t\t\t\t\t<div class=\"elementor-column elementor-col-100 elementor-top-column elementor-element elementor-element-2cca2a76\" data-id=\"2cca2a76\" data-element_type=\"column\">\n\t\t\t<div class=\"elementor-column-wrap elementor-element-populated\">\n\t\t\t\t\t\t\t<div class=\"elementor-widget-wrap\">\n\t\t\t\t\t\t<div class=\"elementor-element elementor-element-3c83a08b elementor-widget elementor-widget-text-editor\" data-id=\"3c83a08b\" data-element_type=\"widget\" data-widget_type=\"text-editor.default\">\n\t\t\t\t<div class=\"elementor-widget-container\">\n\t\t\t\t\t<div class=\"elementor-text-editor elementor-clearfix\"><p>\u00a0<\/p>\n<p>Oferta filcu:<br \/>1.\u00a0<a href=\"http:\/\/fiboss.pl\/obrazki\/felt%20set%20-%20bob%20kit%20-%203mm%20+%206mm%200.JPG\">Zestaw<\/a> kszta\u0142tek na trzpieniu 3mm i\u00a0 bez + uchwyt 6mm.<br \/>2.\u00a0<a href=\"http:\/\/fiboss.pl\/obrazki\/cord%20-%203sztweb.JPG\">Kord filcowy<\/a>\u00d813, 17, 20, 25mm o d\u0142ugo\u015bci 1m<br \/>3. Kr\u0105\u017cek polerski\u00a0\u00d8 100mm do 500mm, grubo\u015b\u0107 5mm do 80mm, g\u0119sto\u015b\u0107 0.32 do 0.7g\/cm3<br \/>4. Kszta\u0142tki na trzpieniu 6mm, 3mm oraz bez trzpienia.<br \/>5.\u00a0<a href=\"http:\/\/fiboss.pl\/obrazki\/filce%20na%20trzpieniu%20-%20zestaw%2011%20elmement%C3%B3w%200.JPG\">Zestaw<\/a>\u00a0kszta\u0142tek na trzpieniu 2,34mm dla protetyk\u00f3w, modelarzy<br \/>6. Kr\u0105\u017cek \u00d8 175mm polerski z uchwytem pod \u015brub\u0119 M14<br \/>7. Kr\u0105\u017cek \u00d8 125mm polerski z uchwytem pod \u015brub\u0119 M14<br \/>8. Filc kamieniarski \u00d8110mm lub 130mm z uchwytem jask\u00f3\u0142czy ogon &#8211; \u015bruba Archimedesa z otworem<br \/>9. Filc kamieniarski \u00d8110mm lub\u00a0<a href=\"http:\/\/fiboss.pl\/obrazki\/130mm%20-z%20uchwytem%20SA1.JPG\">130mm<\/a>\u00a0z uchwytem jask\u00f3\u0142czy ogon &#8211; \u015bruba Archimedesa bez otworu<\/p>\n<!-- wp:paragraph -->\n<p>\u00a0<\/p>\n<!-- \/wp:paragraph --><\/div>\n\t\t\t\t<\/div>\n\t\t\t\t<\/div>\n\t\t\t\t\t\t<\/div>\n\t\t\t\t\t<\/div>\n\t\t<\/div>\n\t\t\t\t\t\t\t\t<\/div>\n\t\t\t\t\t<\/div>\n\t\t<\/section>\n\t\t\t\t\t\t<\/div>\n\t\t\t\t\t\t<\/div>\n\t\t\t\t\t<\/div>\n\t\t","protected":false},"excerpt":{"rendered":"<p>\u00a0 Oferta filcu:1.\u00a0Zestaw kszta\u0142tek na trzpieniu 3mm i\u00a0 bez + uchwyt 6mm.2.\u00a0Kord filcowy\u00d813, 17, 20, 25mm o d\u0142ugo\u015bci 1m3. Kr\u0105\u017cek polerski\u00a0\u00d8 100mm do 500mm, grubo\u015b\u0107 5mm do 80mm, g\u0119sto\u015b\u0107 0.32 do 0.7g\/cm34. Kszta\u0142tki na trzpieniu 6mm, 3mm oraz bez trzpienia.5.\u00a0Zestaw\u00a0kszta\u0142tek na trzpieniu 2,34mm dla protetyk\u00f3w, modelarzy6. Kr\u0105\u017cek \u00d8 175mm polerski z uchwytem pod \u015brub\u0119 M147. [&hellip;]<\/p>\n","protected":false},"author":1,"featured_media":0,"parent":0,"menu_order":0,"comment_status":"closed","ping_status":"closed","template":"","meta":[],"_links":{"self":[{"href":"https:\/\/fiboss.com.pl\/index.php?rest_route=\/wp\/v2\/pages\/207"}],"collection":[{"href":"https:\/\/fiboss.com.pl\/index.php?rest_route=\/wp\/v2\/pages"}],"about":[{"href":"https:\/\/fiboss.com.pl\/index.php?rest_route=\/wp\/v2\/types\/page"}],"author":[{"embeddable":true,"href":"https:\/\/fiboss.com.pl\/index.php?rest_route=\/wp\/v2\/users\/1"}],"replies":[{"embeddable":true,"href":"https:\/\/fiboss.com.pl\/index.php?rest_route=%2Fwp%2Fv2%2Fcomments&post=207"}],"version-history":[{"count":11,"href":"https:\/\/fiboss.com.pl\/index.php?rest_route=\/wp\/v2\/pages\/207\/revisions"}],"predecessor-version":[{"id":698,"href":"https:\/\/fiboss.com.pl\/index.php?rest_route=\/wp\/v2\/pages\/207\/revisions\/698"}],"wp:attachment":[{"href":"https:\/\/fiboss.com.pl\/index.php?rest_route=%2Fwp%2Fv2%2Fmedia&parent=207"}],"curies":[{"name":"wp","href":"https:\/\/api.w.org\/{rel}","templated":true}]}}