{"id":200,"date":"2018-06-22T11:04:24","date_gmt":"2018-06-22T09:04:24","guid":{"rendered":"http:\/\/fiboss.com.pl\/?page_id=200"},"modified":"2019-05-24T12:48:30","modified_gmt":"2019-05-24T10:48:30","slug":"pasty-szlifierskie-i-polerskie","status":"publish","type":"page","link":"https:\/\/fiboss.com.pl\/?page_id=200","title":{"rendered":"Pasty szlifierskie i polerskie"},"content":{"rendered":"<p style=\"font-weight: 400;\">W ofercie mamy polskiej produkcji, kodowane kolorami pasty w konsystencji twardej, mi\u0119kkiej i p\u00f3\u0142p\u0142ynnej.<\/p>\n<p style=\"font-weight: 400;\">Dla Klient\u00f3w pracuj\u0105cych ze stal\u0105 nierdzewn\u0105, kwasoodporn\u0105 i narz\u0119dziow\u0105 posiadamy&nbsp;&nbsp;niedawno opracowan\u0105 now\u0105 technologi\u0119 pasty bia\u0142ej \u201eHT\u201d, kt\u00f3ra rewelacyjnie sprawdza si\u0119 dla tych gatunk\u00f3w stali<\/p>\n<p style=\"font-weight: 400;\">Na \u017cyczenie Klienta mo\u017cemy zaproponowa\u0107 past\u0119 o oczekiwanej g\u0119sto\u015bci, kolorze i gradacji ziarna konkretnego materia\u0142u polerskiego (w zakresie od 60 -1500Mesh)<\/p>\n<table style=\"font-weight: 400; height: 356px;\" width=\"856\">\n<tbody>\n<tr>\n<td><b>Kolor<\/b><span data-ccp-props=\"{&quot;201341983&quot;:0,&quot;335559739&quot;:160,&quot;335559740&quot;:259}\">&nbsp;<\/span><\/td>\n<td><b>Gradacja [<\/b><b>Mesh<\/b><b>]<\/b><span data-ccp-props=\"{&quot;201341983&quot;:0,&quot;335559739&quot;:160,&quot;335559740&quot;:259}\">&nbsp;<\/span><\/td>\n<td><b>Zastosowanie<\/b><span data-ccp-props=\"{&quot;201341983&quot;:0,&quot;335559739&quot;:160,&quot;335559740&quot;:259}\">&nbsp;<\/span><\/td>\n<\/tr>\n<tr>\n<td><span data-ccp-props=\"{&quot;201341983&quot;:0,&quot;335559739&quot;:160,&quot;335559740&quot;:259}\">&nbsp;<\/span><\/td>\n<td><span data-ccp-props=\"{&quot;201341983&quot;:0,&quot;335559739&quot;:160,&quot;335559740&quot;:259}\">&nbsp;<\/span><\/td>\n<td><span data-ccp-props=\"{&quot;201341983&quot;:0,&quot;335559739&quot;:160,&quot;335559740&quot;:259}\">&nbsp;<\/span><\/td>\n<\/tr>\n<tr>\n<td>\n<p aria-level=\"1\"><span style=\"color: #808080;\"><b>SIWA<\/b>&nbsp;<\/span><\/p>\n<\/td>\n<td><b>400, 500, 600, 800, 1000, 1200, 1500<\/b><b>&nbsp;<\/b><span data-ccp-props=\"{&quot;201341983&quot;:0,&quot;335559739&quot;:160,&quot;335559740&quot;:259}\">&nbsp;<\/span><\/td>\n<td><b>Wszystkie metale, ceramika, tworzywa sztuczne.<\/b><b>&nbsp;<\/b><span data-ccp-props=\"{&quot;201341983&quot;:0,&quot;335559739&quot;:160,&quot;335559740&quot;:259}\">&nbsp;<\/span><\/td>\n<\/tr>\n<tr>\n<td>\n<p aria-level=\"1\"><span style=\"color: #008000;\"><b>ZIELONA<\/b><\/span><span data-ccp-props=\"{&quot;201341983&quot;:0,&quot;335559738&quot;:240,&quot;335559739&quot;:0,&quot;335559740&quot;:259}\">&nbsp;<\/span><\/p>\n<\/td>\n<td><b>600<\/b><b>&nbsp;<\/b><span data-ccp-props=\"{&quot;201341983&quot;:0,&quot;335559739&quot;:160,&quot;335559740&quot;:259}\">&nbsp;<\/span><\/td>\n<td><b>Wszystkie metale, ceramika, tworzywa sztuczne.<\/b><b>&nbsp;<\/b><span data-ccp-props=\"{&quot;201341983&quot;:0,&quot;335559739&quot;:160,&quot;335559740&quot;:259}\">&nbsp;<\/span><\/td>\n<\/tr>\n<tr>\n<td>\n<p aria-level=\"1\"><span style=\"color: #ff0000;\"><b>CZERWONA<\/b><\/span><span data-ccp-props=\"{&quot;201341983&quot;:0,&quot;335559738&quot;:240,&quot;335559739&quot;:0,&quot;335559740&quot;:259}\">&nbsp;<\/span><\/p>\n<\/td>\n<td><b>600<\/b><b>&nbsp;<\/b><span data-ccp-props=\"{&quot;201341983&quot;:0,&quot;335559739&quot;:160,&quot;335559740&quot;:259}\">&nbsp;<\/span><\/td>\n<td><b>Wszystkie metale, ceramika, tworzywa sztuczne.<\/b><b>&nbsp;<\/b><span data-ccp-props=\"{&quot;201341983&quot;:0,&quot;335559739&quot;:160,&quot;335559740&quot;:259}\">&nbsp;<\/span><\/td>\n<\/tr>\n<tr>\n<td>\n<p aria-level=\"1\"><span style=\"color: #000000;\"><b>BIA\u0141A<\/b><\/span><\/p>\n<\/td>\n<td><b>600<\/b><b>&nbsp;<\/b><span data-ccp-props=\"{&quot;201341983&quot;:0,&quot;335559739&quot;:160,&quot;335559740&quot;:259}\">&nbsp;<\/span><\/td>\n<td><b>Wszystkie metale, ceramika, tworzywa sztuczne.<\/b><b>&nbsp;<\/b><span data-ccp-props=\"{&quot;201341983&quot;:0,&quot;335559739&quot;:160,&quot;335559740&quot;:259}\">&nbsp;<\/span><\/td>\n<\/tr>\n<\/tbody>\n<\/table>\n","protected":false},"excerpt":{"rendered":"<p>W ofercie mamy polskiej produkcji, kodowane kolorami pasty w konsystencji twardej, mi\u0119kkiej i p\u00f3\u0142p\u0142ynnej. Dla Klient\u00f3w pracuj\u0105cych ze stal\u0105 nierdzewn\u0105, kwasoodporn\u0105 i narz\u0119dziow\u0105 posiadamy&nbsp;&nbsp;niedawno opracowan\u0105 now\u0105 technologi\u0119 pasty bia\u0142ej \u201eHT\u201d, kt\u00f3ra rewelacyjnie sprawdza si\u0119 dla tych gatunk\u00f3w stali Na \u017cyczenie Klienta mo\u017cemy zaproponowa\u0107 past\u0119 o oczekiwanej g\u0119sto\u015bci, kolorze i gradacji ziarna konkretnego materia\u0142u polerskiego (w [&hellip;]<\/p>\n","protected":false},"author":1,"featured_media":0,"parent":0,"menu_order":0,"comment_status":"closed","ping_status":"closed","template":"","meta":[],"_links":{"self":[{"href":"https:\/\/fiboss.com.pl\/index.php?rest_route=\/wp\/v2\/pages\/200"}],"collection":[{"href":"https:\/\/fiboss.com.pl\/index.php?rest_route=\/wp\/v2\/pages"}],"about":[{"href":"https:\/\/fiboss.com.pl\/index.php?rest_route=\/wp\/v2\/types\/page"}],"author":[{"embeddable":true,"href":"https:\/\/fiboss.com.pl\/index.php?rest_route=\/wp\/v2\/users\/1"}],"replies":[{"embeddable":true,"href":"https:\/\/fiboss.com.pl\/index.php?rest_route=%2Fwp%2Fv2%2Fcomments&post=200"}],"version-history":[{"count":6,"href":"https:\/\/fiboss.com.pl\/index.php?rest_route=\/wp\/v2\/pages\/200\/revisions"}],"predecessor-version":[{"id":499,"href":"https:\/\/fiboss.com.pl\/index.php?rest_route=\/wp\/v2\/pages\/200\/revisions\/499"}],"wp:attachment":[{"href":"https:\/\/fiboss.com.pl\/index.php?rest_route=%2Fwp%2Fv2%2Fmedia&parent=200"}],"curies":[{"name":"wp","href":"https:\/\/api.w.org\/{rel}","templated":true}]}}