{"id":198,"date":"2018-06-22T11:01:39","date_gmt":"2018-06-22T09:01:39","guid":{"rendered":"http:\/\/fiboss.com.pl\/?page_id=198"},"modified":"2020-08-12T10:30:30","modified_gmt":"2020-08-12T08:30:30","slug":"folie-tkaniny-plyny-bjgrish","status":"publish","type":"page","link":"https:\/\/fiboss.com.pl\/?page_id=198","title":{"rendered":"Folie, tkaniny, p\u0142yny BJGrish"},"content":{"rendered":"\t\t<div data-elementor-type=\"wp-post\" data-elementor-id=\"198\" class=\"elementor elementor-198\" data-elementor-settings=\"[]\">\n\t\t\t\t\t\t<div class=\"elementor-inner\">\n\t\t\t\t\t\t\t<div class=\"elementor-section-wrap\">\n\t\t\t\t\t\t\t<section class=\"elementor-section elementor-top-section elementor-element elementor-element-29743e99 elementor-section-boxed elementor-section-height-default elementor-section-height-default\" data-id=\"29743e99\" data-element_type=\"section\">\n\t\t\t\t\t\t<div class=\"elementor-container elementor-column-gap-default\">\n\t\t\t\t\t\t\t<div class=\"elementor-row\">\n\t\t\t\t\t<div class=\"elementor-column elementor-col-100 elementor-top-column elementor-element elementor-element-36ec639c\" data-id=\"36ec639c\" data-element_type=\"column\">\n\t\t\t<div class=\"elementor-column-wrap elementor-element-populated\">\n\t\t\t\t\t\t\t<div class=\"elementor-widget-wrap\">\n\t\t\t\t\t\t<div class=\"elementor-element elementor-element-40ca168a elementor-widget elementor-widget-text-editor\" data-id=\"40ca168a\" data-element_type=\"widget\" data-widget_type=\"text-editor.default\">\n\t\t\t\t<div class=\"elementor-widget-container\">\n\t\t\t\t\t<div class=\"elementor-text-editor elementor-clearfix\">Jako przedstawiciel na zasadach wy\u0142\u0105czno\u015bci renomowanego producenta z japo\u0144skim kapita\u0142em i <em>know how<\/em>&#8211; BjGrish dysponujemy dost\u0119pem do wyrafinowanych rozwi\u0105za\u0144 z zakresu materia\u0142\u00f3w polerskich, korzystaj\u0105cych z nanotechnologii.\n\nOferujemy:\n<ul>\n \t<li>folie na bazie celuloidu w arkuszach, kr\u0105\u017ckach, rolkach, pokryte selektywn\u0105 kompozycj\u0105 materia\u0142u \u015bciernego i specjalnego spoiwa.<\/li>\n \t<li>p\u0142yny polerskie:\n<ul>\n \t<li>diamentowe zawiesiny w rozpuszczalnikach organicznych lub wodnych<\/li>\n \t<li>koloidalne zawiesiny na bazie tlenk\u00f3w krzemu o nanometrowej dok\u0142adno\u015bci ziaren oraz kontrolowanym Ph<\/li>\n \t<li>zawiesiny na bazie tlenk\u00f3w ceru do automat\u00f3w polerskich szkie\u0142 optycznych<\/li>\n<\/ul>\n<\/li>\n<\/ul><\/div>\n\t\t\t\t<\/div>\n\t\t\t\t<\/div>\n\t\t\t\t\t\t<\/div>\n\t\t\t\t\t<\/div>\n\t\t<\/div>\n\t\t\t\t\t\t\t\t<\/div>\n\t\t\t\t\t<\/div>\n\t\t<\/section>\n\t\t\t\t<section class=\"elementor-section elementor-top-section elementor-element elementor-element-c375ac3 elementor-section-boxed elementor-section-height-default elementor-section-height-default\" data-id=\"c375ac3\" data-element_type=\"section\">\n\t\t\t\t\t\t<div class=\"elementor-container elementor-column-gap-default\">\n\t\t\t\t\t\t\t<div class=\"elementor-row\">\n\t\t\t\t\t<div class=\"elementor-column elementor-col-100 elementor-top-column elementor-element elementor-element-440afa5\" data-id=\"440afa5\" data-element_type=\"column\">\n\t\t\t<div class=\"elementor-column-wrap elementor-element-populated\">\n\t\t\t\t\t\t\t<div class=\"elementor-widget-wrap\">\n\t\t\t\t\t\t<div class=\"elementor-element elementor-element-0f060b1 elementor-align-center elementor-widget elementor-widget-button\" data-id=\"0f060b1\" data-element_type=\"widget\" data-widget_type=\"button.default\">\n\t\t\t\t<div class=\"elementor-widget-container\">\n\t\t\t\t\t<div class=\"elementor-button-wrapper\">\n\t\t\t<a href=\"http:\/\/fiboss.com.pl\/wp-content\/uploads\/2019\/05\/kat1.pdf\" target=\"_blank\" class=\"elementor-button-link elementor-button elementor-size-sm\" role=\"button\">\n\t\t\t\t\t\t<span class=\"elementor-button-content-wrapper\">\n\t\t\t\t\t\t<span class=\"elementor-button-text\">Zobacz katalog<\/span>\n\t\t<\/span>\n\t\t\t\t\t<\/a>\n\t\t<\/div>\n\t\t\t\t<\/div>\n\t\t\t\t<\/div>\n\t\t\t\t\t\t<\/div>\n\t\t\t\t\t<\/div>\n\t\t<\/div>\n\t\t\t\t\t\t\t\t<\/div>\n\t\t\t\t\t<\/div>\n\t\t<\/section>\n\t\t\t\t\t\t<\/div>\n\t\t\t\t\t\t<\/div>\n\t\t\t\t\t<\/div>\n\t\t","protected":false},"excerpt":{"rendered":"<p>Jako przedstawiciel na zasadach wy\u0142\u0105czno\u015bci renomowanego producenta z japo\u0144skim kapita\u0142em i know how&#8211; BjGrish dysponujemy dost\u0119pem do wyrafinowanych rozwi\u0105za\u0144 z zakresu materia\u0142\u00f3w polerskich, korzystaj\u0105cych z nanotechnologii. Oferujemy: folie na bazie celuloidu w arkuszach, kr\u0105\u017ckach, rolkach, pokryte selektywn\u0105 kompozycj\u0105 materia\u0142u \u015bciernego i specjalnego spoiwa. p\u0142yny polerskie: diamentowe zawiesiny w rozpuszczalnikach organicznych lub wodnych koloidalne zawiesiny na [&hellip;]<\/p>\n","protected":false},"author":1,"featured_media":0,"parent":0,"menu_order":0,"comment_status":"closed","ping_status":"closed","template":"","meta":[],"_links":{"self":[{"href":"https:\/\/fiboss.com.pl\/index.php?rest_route=\/wp\/v2\/pages\/198"}],"collection":[{"href":"https:\/\/fiboss.com.pl\/index.php?rest_route=\/wp\/v2\/pages"}],"about":[{"href":"https:\/\/fiboss.com.pl\/index.php?rest_route=\/wp\/v2\/types\/page"}],"author":[{"embeddable":true,"href":"https:\/\/fiboss.com.pl\/index.php?rest_route=\/wp\/v2\/users\/1"}],"replies":[{"embeddable":true,"href":"https:\/\/fiboss.com.pl\/index.php?rest_route=%2Fwp%2Fv2%2Fcomments&post=198"}],"version-history":[{"count":4,"href":"https:\/\/fiboss.com.pl\/index.php?rest_route=\/wp\/v2\/pages\/198\/revisions"}],"predecessor-version":[{"id":754,"href":"https:\/\/fiboss.com.pl\/index.php?rest_route=\/wp\/v2\/pages\/198\/revisions\/754"}],"wp:attachment":[{"href":"https:\/\/fiboss.com.pl\/index.php?rest_route=%2Fwp%2Fv2%2Fmedia&parent=198"}],"curies":[{"name":"wp","href":"https:\/\/api.w.org\/{rel}","templated":true}]}}