{"id":157,"date":"2018-06-22T09:24:10","date_gmt":"2018-06-22T07:24:10","guid":{"rendered":"http:\/\/fiboss.com.pl\/?page_id=157"},"modified":"2019-06-07T11:24:09","modified_gmt":"2019-06-07T09:24:09","slug":"maszyny-polerskie","status":"publish","type":"page","link":"https:\/\/fiboss.com.pl\/?page_id=157","title":{"rendered":"Maszyny polerskie"},"content":{"rendered":"\t\t<div data-elementor-type=\"wp-post\" data-elementor-id=\"157\" class=\"elementor elementor-157\" data-elementor-settings=\"[]\">\n\t\t\t\t\t\t<div class=\"elementor-inner\">\n\t\t\t\t\t\t\t<div class=\"elementor-section-wrap\">\n\t\t\t\t\t\t\t<section class=\"elementor-section elementor-top-section elementor-element elementor-element-4f4a741c elementor-section-boxed elementor-section-height-default elementor-section-height-default\" data-id=\"4f4a741c\" data-element_type=\"section\">\n\t\t\t\t\t\t<div class=\"elementor-container elementor-column-gap-default\">\n\t\t\t\t\t\t\t<div class=\"elementor-row\">\n\t\t\t\t\t<div class=\"elementor-column elementor-col-100 elementor-top-column elementor-element elementor-element-47c138fc\" data-id=\"47c138fc\" data-element_type=\"column\">\n\t\t\t<div class=\"elementor-column-wrap elementor-element-populated\">\n\t\t\t\t\t\t\t<div class=\"elementor-widget-wrap\">\n\t\t\t\t\t\t<div class=\"elementor-element elementor-element-1f935eff elementor-widget elementor-widget-text-editor\" data-id=\"1f935eff\" data-element_type=\"widget\" data-widget_type=\"text-editor.default\">\n\t\t\t\t<div class=\"elementor-widget-container\">\n\t\t\t\t\t<div class=\"elementor-text-editor elementor-clearfix\"><p>Jednym z najbardziej newralgicznych element\u00f3w procesu monta\u017cu\u00a0z\u0142\u0105czy \u015bwiat\u0142owodowych jest ich polerowanie. Dobra maszyna polerska pozwala na sprawn\u0105, powtarzaln\u0105 i ekonomiczn\u0105 produkcj\u0119.<\/p>\n<p>Dobrym przyk\u0142adem\u00a0ugruntowanej, stabilnej\u00a0technologii, sprawdzonych rozwi\u0105za\u0144 jest nasza propozycja. Kompatybilno\u015b\u0107 uchwyt\u00f3w z maszynami OFL-12\u00a0pozwala na modernizacj\u0119 posiadanego parku maszynowego, na zwi\u0119kszenie potencja\u0142u produkcyjnego dzi\u0119ki ekonomicznie efektywnym rozwi\u0105zaniom.<\/p>\n<table style=\"height: 32px;\" width=\"918\">\n<tbody>\n<tr>\n<td width=\"647\"><strong>Maszyna polerska do z\u0142\u0105czy \u015bwiat\u0142owodowych\u00a0 \u00a0 \u00a0 \u00a0 \u00a0 \u00a0 \u00a0 \u00a0 \u00a0 \u00a0 \u00a0 \u00a0 \u00a0 \u00a0 \u00a0 \u00a0 \u00a0 \u00a0 \u00a0 \u00a0 \u00a0 \u00a0 \u00a0 \u00a0 \u00a0 \u00a0 \u00a0 \u00a0 \u00a0 \u00a0 \u00a0 \u00a0 \u00a0 \u00a0 \u00a0 \u00a0 \u00a0 \u00a0 \u00a0 \u00a0MODEL: GT-3000<\/strong><\/td>\n<\/tr>\n<\/tbody>\n<\/table>\n<p><img loading=\"lazy\" class=\" wp-image-158 alignleft\" src=\"http:\/\/fiboss.com.pl\/wp-content\/uploads\/2018\/06\/Maszyna-polerska-GT-3000-246x300.jpg\" alt=\"\" width=\"432\" height=\"527\" srcset=\"https:\/\/fiboss.com.pl\/wp-content\/uploads\/2018\/06\/Maszyna-polerska-GT-3000-246x300.jpg 246w, https:\/\/fiboss.com.pl\/wp-content\/uploads\/2018\/06\/Maszyna-polerska-GT-3000.jpg 312w\" sizes=\"(max-width: 432px) 100vw, 432px\" \/><\/p>\n<table style=\"height: 240px;\" width=\"460\">\n<tbody>\n<tr>\n<td width=\"175\"><strong>Dane maszyny<\/strong><\/td>\n<td width=\"132\">\u00a0<\/td>\n<\/tr>\n<tr>\n<td width=\"175\">Wymiary (szer x g\u0142 x wys)<\/td>\n<td width=\"132\">250 x 450 x 560<\/td>\n<\/tr>\n<tr>\n<td width=\"175\">Waga<\/td>\n<td width=\"132\">30kg<\/td>\n<\/tr>\n<tr>\n<td width=\"175\">Zasilanie<\/td>\n<td width=\"132\">220 VAC\u00a0\u00a0\/100W<\/td>\n<\/tr>\n<tr>\n<td width=\"175\">Zu\u017cycie powietrza<\/td>\n<td width=\"132\">4kgf\/cm<sup>2<\/sup><\/td>\n<\/tr>\n<tr>\n<td width=\"175\">\u015arednica dysku poler.<\/td>\n<td width=\"132\">112 mm<\/td>\n<\/tr>\n<tr>\n<td width=\"175\">Pr\u0119dko\u015b\u0107 polerowania<\/td>\n<td width=\"132\">30\u00f7300 obr\/min<\/td>\n<\/tr>\n<tr>\n<td width=\"175\">Czas polerowania<\/td>\n<td width=\"132\">0\u00f7999.9 sek.<\/td>\n<\/tr>\n<\/tbody>\n<\/table>\n<table style=\"height: 123px;\" width=\"460\">\n<tbody>\n<tr>\n<td colspan=\"2\" width=\"307\"><strong>Polerowanie czo\u0142a p\u0142askiego:<\/strong><\/td>\n<\/tr>\n<tr>\n<td width=\"247\">G\u0142adko\u015b\u0107 \/roughness\/\u00a0\u00a0(nm)<\/td>\n<td width=\"60\">&lt;50<\/td>\n<\/tr>\n<tr>\n<td width=\"247\">B\u0142\u0105d k\u0105ta\u00a0 (\u00b0)<\/td>\n<td width=\"60\">&lt;0.8<\/td>\n<\/tr>\n<tr>\n<td width=\"247\">Wystawanie w\u0142\u00f3kna \/<em>protrusion<\/em>\/(\u00b5m)<\/td>\n<td width=\"60\">&gt;1<\/td>\n<\/tr>\n<\/tbody>\n<\/table>\n<table style=\"height: 133px;\" width=\"460\">\n<tbody>\n<tr>\n<td colspan=\"2\" width=\"307\"><strong>Polerowanie czo\u0142a sferycznego:<\/strong><\/td>\n<\/tr>\n<tr>\n<td width=\"247\">Promie\u0144 krzywizny\u00a0\u00a0\u00a0\u00a0\u00a0\u00a0(mm)<\/td>\n<td width=\"60\">10\u00f725<\/td>\n<\/tr>\n<tr>\n<td width=\"247\">Przesuni\u0119cie sfery \/Apex offset\/ (\u00b5m)<\/td>\n<td width=\"60\">&lt;50<\/td>\n<\/tr>\n<tr>\n<td width=\"247\">Podci\u0119cie w\u0142\u00f3kna \/undercut\/\u00a0\u00a0\u00a0\u00a0\u00a0(nm)<\/td>\n<td width=\"60\">&lt;50<\/td>\n<\/tr>\n<\/tbody>\n<\/table>\n<p><strong><br \/>Zastosowanie\u00a0<\/strong><\/p>\n<p>Urz\u0105dzenie pozwala\u00a0\u00a0na polerownie \u015bwiat\u0142owodowych z\u0142\u0105czy sferycznych o ferrulach w standardzie 2.5mm i 1.25mm wersja PC oraz APC jak r\u00f3wnie\u017c na polerownie powierzchni p\u0142askich.<\/p>\n<p><strong>Podstawowe cechy:<\/strong><\/p>\n<p style=\"font-weight: 400;\">&#8211; Konkurencyjna cena<br \/>&#8211; Dotykowy ekran \u2013 parametry dla 24 program\u00f3w polerskich oraz informacje o procesie polerskim<br \/>&#8211; Ka\u017cda pozycja pami\u0119ci zawiera: gradacj\u0119 i kolor folii polerskiej, twardo\u015b\u0107 gumowej podk\u0142adki, obroty talerza i pr\u0119dko\u015b\u0107.<br \/>&#8211; Dwa tryby obs\u0142ugi: <em>in\u017cynieryjny<\/em> dla nadzoru technicznego zabezpieczony has\u0142em,\u00a0 oraz <em>eksploatacyjny<\/em> dla obs\u0142ugi<br \/>&#8211; Oczyszczona woda i p\u0142yn polerski mo\u017ce by\u0107 stosowany dla ograniczenia koszt\u00f3w eksploatacji<br \/>&#8211; Ustalony moment obrotowy silnika nie jest zmieniany przy regulacji pr\u0119dko\u015bci , co ogranicza mo\u017cliwe kombinacje parametr\u00f3w procesu.<br \/>&#8211; Unikalna konstrukcja, gwarantuje separacj\u0119 obwod\u00f3w elektrycznych, obiegu powietrza i p\u0142yn\u00f3w wewn\u0105trz obudowy.<br \/>&#8211; Regulowana antywibracyjna podstawa<\/p>\n<p><strong>Gwarantujemy :\u00a0 \u00a0 \u00a0 \u00a0 \u00a0 \u00a0 \u00a0 \u00a0 \u00a0 \u00a0 \u00a0 \u00a0 \u00a0 \u00a0 \u00a0 \u00a0 \u00a0 \u00a0 \u00a0 \u00a0 \u00a0 \u00a0 \u00a0 \u00a0 \u00a0 \u00a0 \u00a0 \u00a0 \u00a0 \u00a0 \u00a0 \u00a0 \u00a0 \u00a0 \u00a0 \u00a0 \u00a0 \u00a0 \u00a0 \u00a0 \u00a0 \u00a0 \u00a0 \u00a0 \u00a0 \u00a0 \u00a0 \u00a0 \u00a0 \u00a0 \u00a0 \u00a0 \u00a0 \u00a0 <\/strong>&#8211; serwis,<br \/>&#8211; opiek\u0119 nad wdro\u017ceniem proces\u00f3w na oferowanych maszynach,<br \/>&#8211; sta\u0142y dost\u0119p do materia\u0142\u00f3w eksploatacyjnych : folie, podk\u0142adki gumowe o r\u00f3\u017cnej twardo\u015bci itp.<strong><br \/><\/strong>&#8211; dost\u0119p do uchwyt\u00f3w polerskich<\/p>\n<!-- wp:paragraph -->\n<p>\u00a0<\/p>\n<!-- \/wp:paragraph --><\/div>\n\t\t\t\t<\/div>\n\t\t\t\t<\/div>\n\t\t\t\t\t\t<\/div>\n\t\t\t\t\t<\/div>\n\t\t<\/div>\n\t\t\t\t\t\t\t\t<\/div>\n\t\t\t\t\t<\/div>\n\t\t<\/section>\n\t\t\t\t\t\t<\/div>\n\t\t\t\t\t\t<\/div>\n\t\t\t\t\t<\/div>\n\t\t","protected":false},"excerpt":{"rendered":"<p>Jednym z najbardziej newralgicznych element\u00f3w procesu monta\u017cu\u00a0z\u0142\u0105czy \u015bwiat\u0142owodowych jest ich polerowanie. Dobra maszyna polerska pozwala na sprawn\u0105, powtarzaln\u0105 i ekonomiczn\u0105 produkcj\u0119. Dobrym przyk\u0142adem\u00a0ugruntowanej, stabilnej\u00a0technologii, sprawdzonych rozwi\u0105za\u0144 jest nasza propozycja. Kompatybilno\u015b\u0107 uchwyt\u00f3w z maszynami OFL-12\u00a0pozwala na modernizacj\u0119 posiadanego parku maszynowego, na zwi\u0119kszenie potencja\u0142u produkcyjnego dzi\u0119ki ekonomicznie efektywnym rozwi\u0105zaniom. Maszyna polerska do z\u0142\u0105czy \u015bwiat\u0142owodowych\u00a0 \u00a0 \u00a0 \u00a0 [&hellip;]<\/p>\n","protected":false},"author":1,"featured_media":0,"parent":0,"menu_order":0,"comment_status":"closed","ping_status":"closed","template":"","meta":[],"_links":{"self":[{"href":"https:\/\/fiboss.com.pl\/index.php?rest_route=\/wp\/v2\/pages\/157"}],"collection":[{"href":"https:\/\/fiboss.com.pl\/index.php?rest_route=\/wp\/v2\/pages"}],"about":[{"href":"https:\/\/fiboss.com.pl\/index.php?rest_route=\/wp\/v2\/types\/page"}],"author":[{"embeddable":true,"href":"https:\/\/fiboss.com.pl\/index.php?rest_route=\/wp\/v2\/users\/1"}],"replies":[{"embeddable":true,"href":"https:\/\/fiboss.com.pl\/index.php?rest_route=%2Fwp%2Fv2%2Fcomments&post=157"}],"version-history":[{"count":24,"href":"https:\/\/fiboss.com.pl\/index.php?rest_route=\/wp\/v2\/pages\/157\/revisions"}],"predecessor-version":[{"id":611,"href":"https:\/\/fiboss.com.pl\/index.php?rest_route=\/wp\/v2\/pages\/157\/revisions\/611"}],"wp:attachment":[{"href":"https:\/\/fiboss.com.pl\/index.php?rest_route=%2Fwp%2Fv2%2Fmedia&parent=157"}],"curies":[{"name":"wp","href":"https:\/\/api.w.org\/{rel}","templated":true}]}}