{"id":114,"date":"2018-06-20T12:28:59","date_gmt":"2018-06-20T10:28:59","guid":{"rendered":"http:\/\/fiboss.com.pl\/?page_id=114"},"modified":"2019-06-23T12:39:20","modified_gmt":"2019-06-23T10:39:20","slug":"interferometry-dorc","status":"publish","type":"page","link":"https:\/\/fiboss.com.pl\/?page_id=114","title":{"rendered":"Interferometry DORC"},"content":{"rendered":"\t\t<div data-elementor-type=\"wp-post\" data-elementor-id=\"114\" class=\"elementor elementor-114\" data-elementor-settings=\"[]\">\n\t\t\t\t\t\t<div class=\"elementor-inner\">\n\t\t\t\t\t\t\t<div class=\"elementor-section-wrap\">\n\t\t\t\t\t\t\t<section class=\"elementor-section elementor-top-section elementor-element elementor-element-7a9a8c2a elementor-section-boxed elementor-section-height-default elementor-section-height-default\" data-id=\"7a9a8c2a\" data-element_type=\"section\">\n\t\t\t\t\t\t<div class=\"elementor-container elementor-column-gap-default\">\n\t\t\t\t\t\t\t<div class=\"elementor-row\">\n\t\t\t\t\t<div class=\"elementor-column elementor-col-100 elementor-top-column elementor-element elementor-element-2b5708ad\" data-id=\"2b5708ad\" data-element_type=\"column\">\n\t\t\t<div class=\"elementor-column-wrap elementor-element-populated\">\n\t\t\t\t\t\t\t<div class=\"elementor-widget-wrap\">\n\t\t\t\t\t\t<div class=\"elementor-element elementor-element-7ef6d44b elementor-widget elementor-widget-text-editor\" data-id=\"7ef6d44b\" data-element_type=\"widget\" data-widget_type=\"text-editor.default\">\n\t\t\t\t<div class=\"elementor-widget-container\">\n\t\t\t\t\t<div class=\"elementor-text-editor elementor-clearfix\"><p style=\"font-weight: 400;\">Firma Direct Optical Research Company (DORC) specjalizuje si\u0119 w projektowaniu i produkcji\u00a0bezkontaktowych interferometr\u00f3w dla przemys\u0142u w\u0142\u00f3kien optycznych i z\u0142\u0105czy \u015bwiat\u0142owodowych.<\/p>\n<p style=\"font-weight: 400;\">Oferta obejmuje:<\/p>\n<p>\u00a0<\/p>\n<p style=\"font-weight: 400;\">\u00a0 \u00a0 \u00a0 \u00a0 \u00a0 \u00a0\u00a0\u00a0 \u00a0 \u00a0 \u00a0 \u00a0 \u00a0 \u00a0 \u00a0 \u00a0 \u00a0 \u00a0 \u00a0 \u00a0 \u00a0 \u00a0 \u00a0 \u00a0 \u00a0 \u00a0 \u00a0 \u00a0 \u00a0<a href=\"http:\/\/fiboss.com.pl\/wp-content\/uploads\/2018\/06\/ZX-1-micro-Array.gif\"><img loading=\"lazy\" class=\"wp-image-221 alignnone\" src=\"http:\/\/fiboss.com.pl\/wp-content\/uploads\/2018\/06\/ZX-1-micro-Array.gif\" alt=\"\" width=\"136\" height=\"84\" \/><\/a><a href=\"http:\/\/fiboss.com.pl\/wp-content\/uploads\/2018\/06\/ZX-1-micro-PMS.gif\"><img loading=\"lazy\" class=\"alignleft wp-image-42\" src=\"http:\/\/fiboss.com.pl\/wp-content\/uploads\/2018\/06\/ZX-1-micro-PMS.gif\" alt=\"\" width=\"148\" height=\"84\" \/><\/a><\/p>\n<p style=\"font-weight: 400;\"><strong>Interferometr do z\u0142\u0105czy jednow\u0142\u00f3knowych <a href=\"http:\/\/dorc.com\/ZX-1%20micro%20PMS+.html\">ZX-1 micro PMS+<\/a><\/strong>\u00a0<\/p>\n<p style=\"font-weight: 400;\"><strong>Interferometr do z\u0142\u0105czy wielo oraz <\/strong><strong>jednow\u0142\u00f3knowych <a href=\"http:\/\/dorc.com\/ZX-1%20micro%20Array.html\">ZX-1 micro Array+<\/a><\/strong><\/p>\n<p style=\"font-weight: 400;\"><span style=\"font-weight: 400;\">Interferometry DORC ZX-1 Zoom oraz oprogramowanie mierz\u0105ce zmian\u0119 faz (PMS) zosta\u0142y zaprojektowane tak, aby sprosta\u0107 stale podwy\u017cszanym wymaganiom na dok\u0142adno\u015b\u0107, automatyzacj\u0119, masowo\u015b\u0107 wykonywania pomiar\u00f3w ferrul, otwor\u00f3w w ferrulach, zmontowanych z\u0142\u0105czy, pigtail\u2019i, patchcord\u2019\u00f3w, z\u0142\u0105czy wielow\u0142\u00f3knowych \/<em>array<\/em>\/ jak i obci\u0119\u0107 w\u0142\u00f3kien \u015bwiat\u0142owodowych.<\/span><\/p>\n<p style=\"font-weight: 400;\">Firma DORC zaimplementowa\u0142a Interferometr Michelson\u2019a, rozbudowuj\u0105c go o elektronicznie sterowany obiektyw typu zoom. Pr\u0105\u017cki wytworzone dzi\u0119ki wprowadzeniu wewn\u0119trznego ok\u0142adu odniesienia, mog\u0105 by\u0107 analizowane w celu wykonania pomiar\u00f3w topografii powierzchni z\u0142\u0105cza lub zako\u0144czenia w\u0142\u00f3kna. Ca\u0142kowicie zamkni\u0119ta i odporna na zapylanie budowa uk\u0142adu Michelson\u2019a pozwala wyeliminowa\u0107 jakiekolwiek wymagania stawiane przy testowaniu delikatnych powierzchni pr\u00f3bek dzi\u0119ki braku fizycznego kontaktu mierzonej powierzchni z przyrz\u0105dem. Ta bezkontaktowo\u015b\u0107 nie tylko eliminuje powstawanie zanieczyszcze\u0144 na skutek pomiaru zar\u00f3wno na pr\u00f3bce jak i w interferometrze, lecz tym samym usuwa mo\u017cliwo\u015b\u0107 powstawania b\u0142\u0119d\u00f3w pomiaru wywo\u0142anych takimi zanieczyszczeniami.<\/p>\n<p style=\"font-weight: 400;\">Inn\u0105 przewag\u0105 uk\u0142adu Michelson\u2019a\u00a0jest mo\u017cliwo\u015b\u0107 wyizolowania lustra referencyjnego umieszczonego\u00a0wewn\u0105trz obudowy systemu, kt\u00f3rego precyzyjne justowanie jest stosowane przy kalibracji mierzonej\u00a0warto\u015bci\u00a0<em>Apex Offset<\/em>. W konkurencyjnych urz\u0105dzeniach w celu omini\u0119cia zastrze\u017ce\u0144 patentowych DORC, stosuje si\u0119 interferencyjne obiektywy. Ich wykorzystanie traktowane\u00a0jest jako wyra\u017any mankament, gdy\u017c pozbawia przyrz\u0105d mo\u017cliwo\u015bci autokalibracji.\u00a0Po pierwsze nie maj\u0105 one mo\u017cliwo\u015bci \u201ezablokowania\u201d lustra referencyjnego w celu uzyskania trybu\u00a0mikroskopowego, a ponadto lustro umieszczone wewn\u0105trz interferencyjnego obiektywu nie mo\u017ce by\u0107\u00a0zwyczajnie justowane, za\u015b kalibracja parametru\u00a0<em>Apex Offset<\/em>\u00a0jest wykonywana poprzez minimalne \u201e<em>pitch and yaw<\/em>\u201d \u201eodchylanie i dostrajanie\u201d od uchwytu z\u0142\u0105cza. Dok\u0142adanie tych 2 dodatkowych osi swobody do \u0142awy optycznej zawieraj\u0105cej przecie\u017c ju\u017c regulacj\u0119 XYZ i regulacj\u0119 k\u0105ta, mo\u017ce prowadzi\u0107 do znacz\u0105co gorszej powtarzalno\u015bci przy pomiarach Apex Offset.<\/p>\n<p><!-- wp:paragraph --><\/p>\n<p><!-- \/wp:paragraph --><\/p><\/div>\n\t\t\t\t<\/div>\n\t\t\t\t<\/div>\n\t\t\t\t\t\t<\/div>\n\t\t\t\t\t<\/div>\n\t\t<\/div>\n\t\t\t\t\t\t\t\t<\/div>\n\t\t\t\t\t<\/div>\n\t\t<\/section>\n\t\t\t\t\t\t<\/div>\n\t\t\t\t\t\t<\/div>\n\t\t\t\t\t<\/div>\n\t\t","protected":false},"excerpt":{"rendered":"<p>Firma Direct Optical Research Company (DORC) specjalizuje si\u0119 w projektowaniu i produkcji\u00a0bezkontaktowych interferometr\u00f3w dla przemys\u0142u w\u0142\u00f3kien optycznych i z\u0142\u0105czy \u015bwiat\u0142owodowych. Oferta obejmuje: \u00a0 \u00a0 \u00a0 \u00a0 \u00a0 \u00a0 \u00a0\u00a0\u00a0 \u00a0 \u00a0 \u00a0 \u00a0 \u00a0 \u00a0 \u00a0 \u00a0 \u00a0 \u00a0 \u00a0 \u00a0 \u00a0 \u00a0 \u00a0 \u00a0 \u00a0 \u00a0 \u00a0 \u00a0 \u00a0 Interferometr do z\u0142\u0105czy jednow\u0142\u00f3knowych ZX-1 [&hellip;]<\/p>\n","protected":false},"author":1,"featured_media":0,"parent":0,"menu_order":0,"comment_status":"closed","ping_status":"closed","template":"","meta":[],"_links":{"self":[{"href":"https:\/\/fiboss.com.pl\/index.php?rest_route=\/wp\/v2\/pages\/114"}],"collection":[{"href":"https:\/\/fiboss.com.pl\/index.php?rest_route=\/wp\/v2\/pages"}],"about":[{"href":"https:\/\/fiboss.com.pl\/index.php?rest_route=\/wp\/v2\/types\/page"}],"author":[{"embeddable":true,"href":"https:\/\/fiboss.com.pl\/index.php?rest_route=\/wp\/v2\/users\/1"}],"replies":[{"embeddable":true,"href":"https:\/\/fiboss.com.pl\/index.php?rest_route=%2Fwp%2Fv2%2Fcomments&post=114"}],"version-history":[{"count":32,"href":"https:\/\/fiboss.com.pl\/index.php?rest_route=\/wp\/v2\/pages\/114\/revisions"}],"predecessor-version":[{"id":667,"href":"https:\/\/fiboss.com.pl\/index.php?rest_route=\/wp\/v2\/pages\/114\/revisions\/667"}],"wp:attachment":[{"href":"https:\/\/fiboss.com.pl\/index.php?rest_route=%2Fwp%2Fv2%2Fmedia&parent=114"}],"curies":[{"name":"wp","href":"https:\/\/api.w.org\/{rel}","templated":true}]}}