{"id":10,"date":"2018-06-08T12:45:03","date_gmt":"2018-06-08T10:45:03","guid":{"rendered":"http:\/\/fiboss.com.pl\/?page_id=10"},"modified":"2026-02-15T20:48:13","modified_gmt":"2026-02-15T19:48:13","slug":"kontakt","status":"publish","type":"page","link":"https:\/\/fiboss.com.pl\/?page_id=10","title":{"rendered":"Kontakt"},"content":{"rendered":"<p style=\"font-weight: 400;\">FIBOSS Piotr Krz\u0119towski<\/p>\n<p style=\"font-weight: 400;\">10-696 Olsztyn<\/p>\n<p style=\"font-weight: 400;\">ul. Czerwonego Kapturka 24<\/p>\n<p style=\"font-weight: 400;\">Tel\/fax +48 89 543 73 25<\/p>\n<p style=\"font-weight: 400;\"><strong>Nowy adres magazynu\/dzia\u0142u sprzeda\u017cy:<\/strong><\/p>\n<p style=\"font-weight: 400;\">11-696 Olsztyn,<\/p>\n<p style=\"font-weight: 400;\">ul. Cementowa 3, III pi\u0119tro<\/p>\n<p style=\"font-weight: 400;\">Tel\/fax +48 89 543 73 25<\/p>\n\n\n<p><\/p>\n","protected":false},"excerpt":{"rendered":"<p>FIBOSS Piotr Krz\u0119towski 10-696 Olsztyn ul. Czerwonego Kapturka 24 Tel\/fax +48 89 543 73 25 Nowy adres magazynu\/dzia\u0142u sprzeda\u017cy: 11-696 Olsztyn, ul. Cementowa 3, III pi\u0119tro Tel\/fax +48 89 543 73 25<\/p>\n","protected":false},"author":1,"featured_media":0,"parent":0,"menu_order":0,"comment_status":"closed","ping_status":"closed","template":"contactus.php","meta":[],"_links":{"self":[{"href":"https:\/\/fiboss.com.pl\/index.php?rest_route=\/wp\/v2\/pages\/10"}],"collection":[{"href":"https:\/\/fiboss.com.pl\/index.php?rest_route=\/wp\/v2\/pages"}],"about":[{"href":"https:\/\/fiboss.com.pl\/index.php?rest_route=\/wp\/v2\/types\/page"}],"author":[{"embeddable":true,"href":"https:\/\/fiboss.com.pl\/index.php?rest_route=\/wp\/v2\/users\/1"}],"replies":[{"embeddable":true,"href":"https:\/\/fiboss.com.pl\/index.php?rest_route=%2Fwp%2Fv2%2Fcomments&post=10"}],"version-history":[{"count":9,"href":"https:\/\/fiboss.com.pl\/index.php?rest_route=\/wp\/v2\/pages\/10\/revisions"}],"predecessor-version":[{"id":829,"href":"https:\/\/fiboss.com.pl\/index.php?rest_route=\/wp\/v2\/pages\/10\/revisions\/829"}],"wp:attachment":[{"href":"https:\/\/fiboss.com.pl\/index.php?rest_route=%2Fwp%2Fv2%2Fmedia&parent=10"}],"curies":[{"name":"wp","href":"https:\/\/api.w.org\/{rel}","templated":true}]}}